{"id":35,"date":"2019-02-24T18:21:33","date_gmt":"2019-02-24T18:21:33","guid":{"rendered":"http:\/\/ictn.ro\/?page_id=35"},"modified":"2024-11-18T17:57:53","modified_gmt":"2024-11-18T15:57:53","slug":"bilete","status":"publish","type":"page","link":"https:\/\/ictn.ro\/ro\/bilete\/","title":{"rendered":"Bilete 2024"},"content":{"rendered":"<div class=\"wpb-content-wrapper\"><p>[vc_row][vc_column width=&#8221;1\/2&#8243;][vc_empty_space][vc_column_text]<\/p>\n<h1>Implants Connected to Nature 2024 registration<\/h1>\n<p>[\/vc_column_text][vc_column_text]We&#8217;re hoping to have lots of participants at this year&#8217;s edition of Implants Connected to Nature. We&#8217;ve therefore provided each category with available tickets, for students, doctors and resident doctors. Save your seat and book your ticket now.<\/p>\n<h2>For additional information, please call <a href=\"tel:+40766230616\">+40766230616<\/a><\/h2>\n<p>[\/vc_column_text][vc_empty_space][\/vc_column][vc_column width=&#8221;1\/2&#8243;][\/vc_column][\/vc_row][vc_row full_width=&#8221;stretch_row&#8221;][vc_column css=&#8221;.vc_custom_1563527057741{margin-right: 20px !important;margin-left: 20px !important;}&#8221;][vc_column_text css=&#8221;&#8221;]<\/p>\n<h2 style=\"text-align: center;\"><\/h2>\n<h3 style=\"text-align: center;\">24 EMC points<\/h3>\n<p>[\/vc_column_text]\t\t\t<div class=\"pricing-tables-wrapper\">\n\t\t\t\t<div class=\"pricing-tables \" >\n\t\t\t\t\t\n\t\t\t<div class=\"basel-price-table \" >\n\t\t\t\t<div class=\"basel-plan\">\n\t\t\t\t\t<div class=\"basel-plan-name\">\n\t\t\t\t\t\t<span>Doctors<\/span>\n\t\t\t\t\t\t\t\t\t\t\t\t\t<span class=\"price-subtitle\">VAT included<\/span>\n\t\t\t\t\t\t\t\t\t\t\t<\/div>\n\t\t\t\t<\/div>\n\t\t\t\t<div class=\"basel-plan-inner\">\n\t\t\t\t\t\t\t\t\t\t<div class=\"basel-plan-price\">\n\t\t\t\t\t\t<span class=\"basel-price-currency\">\n\t\t\t\t\t\t\t405 \u20ac\t\t\t\t\t\t<\/span>\n\t\t\t\t\t\t<span class=\"basel-price-value\">\n\t\t\t\t\t\t\t450 \u20ac\t\t\t\t\t\t<\/span>\n\t\t\t\t\t\t<span class=\"basel-price-suffix\">\n\t\t\t\t\t\t\t01.10 - 05.10. 2024\t\t\t\t\t\t<\/span>\n\t\t\t\t\t<\/div>\n\t\t\t\t\t\t\t\t\t\t\t<div class=\"basel-plan-features\">\n\t\t\t\t\t\t\t\t\t\t\t\t\t\t\t<div class=\"basel-plan-feature\">\n\t\t\t\t\t\t\t\t\t01.04.2024 - 01.06.2024 320Euro TVA INCLUS\t\t\t\t\t\t\t\t<\/div>\n\t\t\t\t\t\t\t\t\t\t\t\t\t\t\t<div class=\"basel-plan-feature\">\n\t\t\t\t\t\t\t\t\t01.06.2024 - 01.08.2024 390Euro TVA INCLUS\t\t\t\t\t\t\t\t<\/div>\n\t\t\t\t\t\t\t\t\t\t\t\t\t\t\t<div class=\"basel-plan-feature\">\n\t\t\t\t\t\t\t\t\t01.08.2024 - 15.08.2024 360Euro TVA INCLUS\t\t\t\t\t\t\t\t<\/div>\n\t\t\t\t\t\t\t\t\t\t\t\t\t\t\t<div class=\"basel-plan-feature\">\n\t\t\t\t\t\t\t\t\t01.08.2024 - 01.10.2024 450Euro TVA INCLUS\t\t\t\t\t\t\t\t<\/div>\n\t\t\t\t\t\t\t\t\t\t\t\t\t<\/div>\n\t\t\t\t\t\t\t\t\t\t<div class=\"basel-plan-footer\">\n\t\t\t\t\t\t\t\t\t\t\t\t\t<a href=\"https:\/\/ictn.ro\/product\/acces-medici\/\" class=\"button price-plan-btn\">\n\t\t\t\t\t\t\t\tBUY NOW\t\t\t\t\t\t\t<\/a>\n\t\t\t\t\t\t\t\t\t\t\t<\/div>\n\t\t\t\t<\/div>\n\t\t\t<\/div>\n\n\t\t\n\t\t\t<div class=\"basel-price-table \" >\n\t\t\t\t<div class=\"basel-plan\">\n\t\t\t\t\t<div class=\"basel-plan-name\">\n\t\t\t\t\t\t<span>Students \/ Residents<\/span>\n\t\t\t\t\t\t\t\t\t\t\t\t\t<span class=\"price-subtitle\">VAT included<\/span>\n\t\t\t\t\t\t\t\t\t\t\t<\/div>\n\t\t\t\t<\/div>\n\t\t\t\t<div class=\"basel-plan-inner\">\n\t\t\t\t\t\t\t\t\t\t<div class=\"basel-plan-price\">\n\t\t\t\t\t\t<span class=\"basel-price-currency\">\n\t\t\t\t\t\t\t225 \u20ac\t\t\t\t\t\t<\/span>\n\t\t\t\t\t\t<span class=\"basel-price-value\">\n\t\t\t\t\t\t\t250 \u20ac\t\t\t\t\t\t<\/span>\n\t\t\t\t\t\t<span class=\"basel-price-suffix\">\n\t\t\t\t\t\t\t01.10 - 05.10.2024\t\t\t\t\t\t<\/span>\n\t\t\t\t\t<\/div>\n\t\t\t\t\t\t\t\t\t\t\t<div class=\"basel-plan-features\">\n\t\t\t\t\t\t\t\t\t\t\t\t\t\t\t<div class=\"basel-plan-feature\">\n\t\t\t\t\t\t\t\t\t01.04.2024 - 01.06.2024 150Euro TVA INCLUS\t\t\t\t\t\t\t\t<\/div>\n\t\t\t\t\t\t\t\t\t\t\t\t\t\t\t<div class=\"basel-plan-feature\">\n\t\t\t\t\t\t\t\t\t01.06.2024 - 01.08.2024 200Euro TVA INCLUS\t\t\t\t\t\t\t\t<\/div>\n\t\t\t\t\t\t\t\t\t\t\t\t\t\t\t<div class=\"basel-plan-feature\">\n\t\t\t\t\t\t\t\t\t01.08.2024 - 01.10.2024 250Euro TVA INCLUS\t\t\t\t\t\t\t\t<\/div>\n\t\t\t\t\t\t\t\t\t\t\t\t\t<\/div>\n\t\t\t\t\t\t\t\t\t\t<div class=\"basel-plan-footer\">\n\t\t\t\t\t\t\t\t\t\t\t\t\t<a href=\"https:\/\/ictn.ro\/product\/acces-studenti\/\" class=\"button price-plan-btn\">\n\t\t\t\t\t\t\t\tBUY NOW\t\t\t\t\t\t\t<\/a>\n\t\t\t\t\t\t\t\t\t\t\t<\/div>\n\t\t\t\t<\/div>\n\t\t\t<\/div>\n\n\t\t\n\t\t\t<div class=\"basel-price-table \" >\n\t\t\t\t<div class=\"basel-plan\">\n\t\t\t\t\t<div class=\"basel-plan-name\">\n\t\t\t\t\t\t<span>Western Party<\/span>\n\t\t\t\t\t\t\t\t\t\t\t\t\t<span class=\"price-subtitle\">VAT included<\/span>\n\t\t\t\t\t\t\t\t\t\t\t<\/div>\n\t\t\t\t<\/div>\n\t\t\t\t<div class=\"basel-plan-inner\">\n\t\t\t\t\t\t\t\t\t\t<div class=\"basel-plan-price\">\n\t\t\t\t\t\t<span class=\"basel-price-currency\">\n\t\t\t\t\t\t\t\t\t\t\t\t\t<\/span>\n\t\t\t\t\t\t<span class=\"basel-price-value\">\n\t\t\t\t\t\t\t100 \u20ac\t\t\t\t\t\t<\/span>\n\t\t\t\t\t\t<span class=\"basel-price-suffix\">\n\t\t\t\t\t\t\t\t\t\t\t\t\t<\/span>\n\t\t\t\t\t<\/div>\n\t\t\t\t\t\t\t\t\t\t\t<div class=\"basel-plan-features\">\n\t\t\t\t\t\t\t\t\t\t\t\t\t\t\t<div class=\"basel-plan-feature\">\n\t\t\t\t\t\t\t\t\tLimited number of people\t\t\t\t\t\t\t\t<\/div>\n\t\t\t\t\t\t\t\t\t\t\t\t\t\t\t<div class=\"basel-plan-feature\">\n\t\t\t\t\t\t\t\t\tLocation: Province: TRANSPORT INCLUDED ROUND TRIP\t\t\t\t\t\t\t\t<\/div>\n\t\t\t\t\t\t\t\t\t\t\t\t\t<\/div>\n\t\t\t\t\t\t\t\t\t\t<div class=\"basel-plan-footer\">\n\t\t\t\t\t\t\t\t\t\t\t\t\t<a href=\"https:\/\/ictn.ro\/product\/western-party\/\" class=\"button price-plan-btn\">\n\t\t\t\t\t\t\t\tBUY NOW\t\t\t\t\t\t\t<\/a>\n\t\t\t\t\t\t\t\t\t\t\t<\/div>\n\t\t\t\t<\/div>\n\t\t\t<\/div>\n\n\t\t\t\t\t\t<\/div>\n\t\t\t<\/div>\n\t\t[\/vc_column][\/vc_row][vc_row][vc_column][vc_empty_space][vc_column_text]<\/p>\n<h4>FEES INCLUDE<\/h4>\n<h4>Congress entry fee, coffee and lunch breaks, certificate of attendance<\/h4>\n<h4>*Students and residents must provide proof of their annual grade book signed and marked accordingly.<\/h4>\n<h4>Refunds are not possible.<\/h4>\n<p>[\/vc_column_text][vc_empty_space][vc_empty_space][\/vc_column][\/vc_row]<\/p>\n<\/div>","protected":false},"excerpt":{"rendered":"<p>[vc_row][vc_column width=&#8221;1\/2&#8243;][vc_empty_space][vc_column_text] Implants Connected to Nature 2024 registration [\/vc_column_text][vc_column_text]We&#8217;re hoping to have lots of participants at this year&#8217;s edition of<\/p>\n","protected":false},"author":1,"featured_media":0,"parent":0,"menu_order":0,"comment_status":"closed","ping_status":"closed","template":"","meta":{"_acf_changed":false,"_monsterinsights_skip_tracking":false,"_monsterinsights_sitenote_active":false,"_monsterinsights_sitenote_note":"","_monsterinsights_sitenote_category":0,"footnotes":""},"class_list":["post-35","page","type-page","status-publish","hentry"],"acf":[],"yoast_head":"<!-- This site is optimized with the Yoast SEO plugin v27.0 - https:\/\/yoast.com\/product\/yoast-seo-wordpress\/ -->\n<title>\u00censcrieri Implants Connected to Nov 2024<\/title>\n<meta name=\"description\" content=\"\u00censcrieri Implants Connected to Nature 2024 Timi\u0219oara\" \/>\n<meta name=\"robots\" content=\"index, follow, max-snippet:-1, max-image-preview:large, max-video-preview:-1\" \/>\n<link rel=\"canonical\" href=\"https:\/\/ictn.ro\/ro\/bilete\/\" \/>\n<meta property=\"og:locale\" content=\"ro_RO\" \/>\n<meta property=\"og:locale:alternate\" content=\"en_US\" \/>\n<meta property=\"og:type\" content=\"article\" \/>\n<meta property=\"og:title\" content=\"\u00censcrieri Implants Connected to Nov 2024\" \/>\n<meta property=\"og:description\" content=\"\u00censcrieri Implants Connected to Nature 2024 Timi\u0219oara\" \/>\n<meta property=\"og:url\" content=\"https:\/\/ictn.ro\/ro\/bilete\/\" \/>\n<meta property=\"og:site_name\" content=\"Congres ICTN\" \/>\n<meta property=\"article:modified_time\" content=\"2024-11-18T15:57:53+00:00\" \/>\n<meta name=\"twitter:card\" content=\"summary_large_image\" \/>\n<meta name=\"twitter:label1\" content=\"Timp estimat pentru citire\" \/>\n\t<meta name=\"twitter:data1\" content=\"1 minut\" \/>\n<script type=\"application\/ld+json\" class=\"yoast-schema-graph\">{\"@context\":\"https:\/\/schema.org\",\"@graph\":[{\"@type\":\"WebPage\",\"@id\":\"https:\/\/ictn.ro\/bilete\/\",\"url\":\"https:\/\/ictn.ro\/bilete\/\",\"name\":\"\u00censcrieri Implants Connected to Nov 2024\",\"isPartOf\":{\"@id\":\"https:\/\/ictn.ro\/#website\"},\"datePublished\":\"2019-02-24T18:21:33+00:00\",\"dateModified\":\"2024-11-18T15:57:53+00:00\",\"description\":\"\u00censcrieri Implants Connected to Nature 2024 Timi\u0219oara\",\"breadcrumb\":{\"@id\":\"https:\/\/ictn.ro\/bilete\/#breadcrumb\"},\"inLanguage\":\"ro-RO\",\"potentialAction\":[{\"@type\":\"ReadAction\",\"target\":[\"https:\/\/ictn.ro\/bilete\/\"]}]},{\"@type\":\"BreadcrumbList\",\"@id\":\"https:\/\/ictn.ro\/bilete\/#breadcrumb\",\"itemListElement\":[{\"@type\":\"ListItem\",\"position\":1,\"name\":\"Prima pagin\u0103\",\"item\":\"https:\/\/ictn.ro\/\"},{\"@type\":\"ListItem\",\"position\":2,\"name\":\"Bilete 2024\"}]},{\"@type\":\"WebSite\",\"@id\":\"https:\/\/ictn.ro\/#website\",\"url\":\"https:\/\/ictn.ro\/\",\"name\":\"Congres ICTN\",\"description\":\"Congres Implant Connected to Nature\",\"potentialAction\":[{\"@type\":\"SearchAction\",\"target\":{\"@type\":\"EntryPoint\",\"urlTemplate\":\"https:\/\/ictn.ro\/?s={search_term_string}\"},\"query-input\":{\"@type\":\"PropertyValueSpecification\",\"valueRequired\":true,\"valueName\":\"search_term_string\"}}],\"inLanguage\":\"ro-RO\"}]}<\/script>\n<!-- \/ Yoast SEO plugin. -->","yoast_head_json":{"title":"\u00censcrieri Implants Connected to Nov 2024","description":"\u00censcrieri Implants Connected to Nature 2024 Timi\u0219oara","robots":{"index":"index","follow":"follow","max-snippet":"max-snippet:-1","max-image-preview":"max-image-preview:large","max-video-preview":"max-video-preview:-1"},"canonical":"https:\/\/ictn.ro\/ro\/bilete\/","og_locale":"ro_RO","og_type":"article","og_title":"[:en]\u00censcrieri Implants Connected to Nature 2024[:ro]\u00censcrieri Implants Connected to Nov 2024[:]","og_description":"[:en]\u00censcrieri Implants Connected to Nature 2024 Timi\u0219oara[:ro]\u00censcrieri Implants Connected to Nature 2024 Timi\u0219oara[:]","og_url":"https:\/\/ictn.ro\/ro\/bilete\/","og_site_name":"Congres ICTN","article_modified_time":"2024-11-18T15:57:53+00:00","twitter_card":"summary_large_image","twitter_misc":{"Timp estimat pentru citire":"1 minut"},"schema":{"@context":"https:\/\/schema.org","@graph":[{"@type":"WebPage","@id":"https:\/\/ictn.ro\/bilete\/","url":"https:\/\/ictn.ro\/bilete\/","name":"\u00censcrieri Implants Connected to Nov 2024","isPartOf":{"@id":"https:\/\/ictn.ro\/#website"},"datePublished":"2019-02-24T18:21:33+00:00","dateModified":"2024-11-18T15:57:53+00:00","description":"\u00censcrieri Implants Connected to Nature 2024 Timi\u0219oara","breadcrumb":{"@id":"https:\/\/ictn.ro\/bilete\/#breadcrumb"},"inLanguage":"ro-RO","potentialAction":[{"@type":"ReadAction","target":["https:\/\/ictn.ro\/bilete\/"]}]},{"@type":"BreadcrumbList","@id":"https:\/\/ictn.ro\/bilete\/#breadcrumb","itemListElement":[{"@type":"ListItem","position":1,"name":"Prima pagin\u0103","item":"https:\/\/ictn.ro\/"},{"@type":"ListItem","position":2,"name":"Bilete 2024"}]},{"@type":"WebSite","@id":"https:\/\/ictn.ro\/#website","url":"https:\/\/ictn.ro\/","name":"Congres ICTN","description":"Congres Implant Connected to Nature","potentialAction":[{"@type":"SearchAction","target":{"@type":"EntryPoint","urlTemplate":"https:\/\/ictn.ro\/?s={search_term_string}"},"query-input":{"@type":"PropertyValueSpecification","valueRequired":true,"valueName":"search_term_string"}}],"inLanguage":"ro-RO"}]}},"_links":{"self":[{"href":"https:\/\/ictn.ro\/ro\/wp-json\/wp\/v2\/pages\/35","targetHints":{"allow":["GET"]}}],"collection":[{"href":"https:\/\/ictn.ro\/ro\/wp-json\/wp\/v2\/pages"}],"about":[{"href":"https:\/\/ictn.ro\/ro\/wp-json\/wp\/v2\/types\/page"}],"author":[{"embeddable":true,"href":"https:\/\/ictn.ro\/ro\/wp-json\/wp\/v2\/users\/1"}],"replies":[{"embeddable":true,"href":"https:\/\/ictn.ro\/ro\/wp-json\/wp\/v2\/comments?post=35"}],"version-history":[{"count":180,"href":"https:\/\/ictn.ro\/ro\/wp-json\/wp\/v2\/pages\/35\/revisions"}],"predecessor-version":[{"id":3588,"href":"https:\/\/ictn.ro\/ro\/wp-json\/wp\/v2\/pages\/35\/revisions\/3588"}],"wp:attachment":[{"href":"https:\/\/ictn.ro\/ro\/wp-json\/wp\/v2\/media?parent=35"}],"curies":[{"name":"wp","href":"https:\/\/api.w.org\/{rel}","templated":true}]}}