{"id":295,"date":"2019-02-27T18:48:33","date_gmt":"2019-02-27T18:48:33","guid":{"rendered":"http:\/\/ictn.ro\/?page_id=295"},"modified":"2019-02-28T12:40:41","modified_gmt":"2019-02-28T12:40:41","slug":"bilete-martie","status":"publish","type":"page","link":"https:\/\/ictn.ro\/ro\/bilete-martie\/","title":{"rendered":"Bilete Martie"},"content":{"rendered":"<div class=\"wpb-content-wrapper\"><p>[vc_row full_width=&#8221;stretch_row&#8221; parallax=&#8221;content-moving-fade&#8221; parallax_image=&#8221;159&#8243;][vc_column][vc_row_inner][vc_column_inner width=&#8221;1\/2&#8243;][vc_empty_space][vc_column_text]<\/p>\n<h1><span style=\"color: #ffffff;\">10% reducere din pre\u021bul biletului \u00eentre 1 &#8211; 8 Martie<\/span><\/h1>\n<p>[\/vc_column_text][vc_column_text el_class=&#8221;fontmare&#8221;]<span style=\"color: #ffffff;\">Venim \u00een \u00eent\u00e2mpinarea doamnelor doctor \u0219i a studentelor care doresc s\u0103 participe la congresul Implants Connected to Nature cu posibilitatea achizi\u021bion\u0103rii biletelor la pre\u021b redus. De aceea, \u00een perioada din an dedicat\u0103 femeilor,<strong> \u00eentre 1-8 Martie, oferim 10% discount din pre\u021bul biletelor pentru doamnele care se \u00eenscriu la ICTN.<\/strong><\/span>[\/vc_column_text][vc_empty_space][\/vc_column_inner][vc_column_inner width=&#8221;1\/2&#8243;][\/vc_column_inner][\/vc_row_inner]\t\t\t<div class=\"pricing-tables-wrapper\">\n\t\t\t\t<div class=\"pricing-tables \" >\n\t\t\t\t\t\n\t\t\t<div class=\"basel-price-table \" >\n\t\t\t\t<div class=\"basel-plan\">\n\t\t\t\t\t<div class=\"basel-plan-name\">\n\t\t\t\t\t\t<span>Acces studente<\/span>\n\t\t\t\t\t\t\t\t\t\t\t\t\t<span class=\"price-subtitle\">Pre\u021bul nu include TVA<\/span>\n\t\t\t\t\t\t\t\t\t\t\t<\/div>\n\t\t\t\t<\/div>\n\t\t\t\t<div class=\"basel-plan-inner\">\n\t\t\t\t\t\t\t\t\t\t<div class=\"basel-plan-price\">\n\t\t\t\t\t\t<span class=\"basel-price-currency\">\n\t\t\t\t\t\t\t350 \u20ac\t\t\t\t\t\t<\/span>\n\t\t\t\t\t\t<span class=\"basel-price-value\">\n\t\t\t\t\t\t\t81\u20ac\t\t\t\t\t\t<\/span>\n\t\t\t\t\t\t<span class=\"basel-price-suffix\">\n\t\t\t\t\t\t\tP\u00e2n\u0103 \u00een 31 iulie 2019\t\t\t\t\t\t<\/span>\n\t\t\t\t\t<\/div>\n\t\t\t\t\t\t\t\t\t\t\t<div class=\"basel-plan-features\">\n\t\t\t\t\t\t\t\t\t\t\t\t\t\t\t<div class=\"basel-plan-feature\">\n\t\t\t\t\t\t\t\t\tTAXELE INCLUD\t\t\t\t\t\t\t\t<\/div>\n\t\t\t\t\t\t\t\t\t\t\t\t\t\t\t<div class=\"basel-plan-feature\">\n\t\t\t\t\t\t\t\t\tAcces la toate cursurile \u0219i seminariile din cadrul congresului\t\t\t\t\t\t\t\t<\/div>\n\t\t\t\t\t\t\t\t\t\t\t\t\t\t\t<div class=\"basel-plan-feature\">\n\t\t\t\t\t\t\t\t\tPauze de cafea \u0219i pr\u00e2nz\t\t\t\t\t\t\t\t<\/div>\n\t\t\t\t\t\t\t\t\t\t\t\t\t\t\t<div class=\"basel-plan-feature\">\n\t\t\t\t\t\t\t\t\tMateriale\t\t\t\t\t\t\t\t<\/div>\n\t\t\t\t\t\t\t\t\t\t\t\t\t\t\t<div class=\"basel-plan-feature\">\n\t\t\t\t\t\t\t\t\tCertificat de participare\t\t\t\t\t\t\t\t<\/div>\n\t\t\t\t\t\t\t\t\t\t\t\t\t<\/div>\n\t\t\t\t\t\t\t\t\t\t<div class=\"basel-plan-footer\">\n\t\t\t\t\t\t\t\t\t\t\t\t\t<a href=\"\" class=\"button price-plan-btn\">\n\t\t\t\t\t\t\t\t\t\t\t\t\t\t\t<\/a>\n\t\t\t\t\t\t\t\t\t\t\t<\/div>\n\t\t\t\t<\/div>\n\t\t\t<\/div>\n\n\t\t\n\t\t\t<div class=\"basel-price-table \" >\n\t\t\t\t<div class=\"basel-plan\">\n\t\t\t\t\t<div class=\"basel-plan-name\">\n\t\t\t\t\t\t<span>Acces doamne doctor<\/span>\n\t\t\t\t\t\t\t\t\t\t\t\t\t<span class=\"price-subtitle\">Pre\u021bul nu include TVA<\/span>\n\t\t\t\t\t\t\t\t\t\t\t<\/div>\n\t\t\t\t<\/div>\n\t\t\t\t<div class=\"basel-plan-inner\">\n\t\t\t\t\t\t\t\t\t\t<div class=\"basel-plan-price\">\n\t\t\t\t\t\t<span class=\"basel-price-currency\">\n\t\t\t\t\t\t\t350 \u20ac\t\t\t\t\t\t<\/span>\n\t\t\t\t\t\t<span class=\"basel-price-value\">\n\t\t\t\t\t\t\t260 \u20ac\t\t\t\t\t\t<\/span>\n\t\t\t\t\t\t<span class=\"basel-price-suffix\">\n\t\t\t\t\t\t\tP\u00e2n\u0103 \u00een 31 iulie 2019\t\t\t\t\t\t<\/span>\n\t\t\t\t\t<\/div>\n\t\t\t\t\t\t\t\t\t\t\t<div class=\"basel-plan-features\">\n\t\t\t\t\t\t\t\t\t\t\t\t\t\t\t<div class=\"basel-plan-feature\">\n\t\t\t\t\t\t\t\t\tTAXELE INCLUD\t\t\t\t\t\t\t\t<\/div>\n\t\t\t\t\t\t\t\t\t\t\t\t\t\t\t<div class=\"basel-plan-feature\">\n\t\t\t\t\t\t\t\t\tAcces la toate cursurile \u0219i seminariile din cadrul congresului\t\t\t\t\t\t\t\t<\/div>\n\t\t\t\t\t\t\t\t\t\t\t\t\t\t\t<div class=\"basel-plan-feature\">\n\t\t\t\t\t\t\t\t\tPauze de cafea \u0219i pr\u00e2nz\t\t\t\t\t\t\t\t<\/div>\n\t\t\t\t\t\t\t\t\t\t\t\t\t\t\t<div class=\"basel-plan-feature\">\n\t\t\t\t\t\t\t\t\tMateriale\t\t\t\t\t\t\t\t<\/div>\n\t\t\t\t\t\t\t\t\t\t\t\t\t\t\t<div class=\"basel-plan-feature\">\n\t\t\t\t\t\t\t\t\tCertificat de participare\t\t\t\t\t\t\t\t<\/div>\n\t\t\t\t\t\t\t\t\t\t\t\t\t<\/div>\n\t\t\t\t\t\t\t\t\t\t<div class=\"basel-plan-footer\">\n\t\t\t\t\t\t\t\t\t\t\t\t\t<a href=\"\" class=\"button price-plan-btn\">\n\t\t\t\t\t\t\t\t\t\t\t\t\t\t\t<\/a>\n\t\t\t\t\t\t\t\t\t\t\t<\/div>\n\t\t\t\t<\/div>\n\t\t\t<\/div>\n\n\t\t\n\t\t\t<div class=\"basel-price-table \" >\n\t\t\t\t<div class=\"basel-plan\">\n\t\t\t\t\t<div class=\"basel-plan-name\">\n\t\t\t\t\t\t<span>Femei membre ICOI<\/span>\n\t\t\t\t\t\t\t\t\t\t\t\t\t<span class=\"price-subtitle\">Pre\u021bul nu include TVA<\/span>\n\t\t\t\t\t\t\t\t\t\t\t<\/div>\n\t\t\t\t<\/div>\n\t\t\t\t<div class=\"basel-plan-inner\">\n\t\t\t\t\t\t\t\t\t\t<div class=\"basel-plan-price\">\n\t\t\t\t\t\t<span class=\"basel-price-currency\">\n\t\t\t\t\t\t\t315 \u20ac\t\t\t\t\t\t<\/span>\n\t\t\t\t\t\t<span class=\"basel-price-value\">\n\t\t\t\t\t\t\t234 \u20ac\t\t\t\t\t\t<\/span>\n\t\t\t\t\t\t<span class=\"basel-price-suffix\">\n\t\t\t\t\t\t\tP\u00e2n\u0103 \u00een 31 iulie 2019\t\t\t\t\t\t<\/span>\n\t\t\t\t\t<\/div>\n\t\t\t\t\t\t\t\t\t\t\t<div class=\"basel-plan-features\">\n\t\t\t\t\t\t\t\t\t\t\t\t\t\t\t<div class=\"basel-plan-feature\">\n\t\t\t\t\t\t\t\t\tTAXELE INCLUD\t\t\t\t\t\t\t\t<\/div>\n\t\t\t\t\t\t\t\t\t\t\t\t\t\t\t<div class=\"basel-plan-feature\">\n\t\t\t\t\t\t\t\t\tAcces la toate cursurile \u0219i seminariile din cadrul congresului\t\t\t\t\t\t\t\t<\/div>\n\t\t\t\t\t\t\t\t\t\t\t\t\t\t\t<div class=\"basel-plan-feature\">\n\t\t\t\t\t\t\t\t\tPauze de cafea \u0219i pr\u00e2nz\t\t\t\t\t\t\t\t<\/div>\n\t\t\t\t\t\t\t\t\t\t\t\t\t\t\t<div class=\"basel-plan-feature\">\n\t\t\t\t\t\t\t\t\tMateriale\t\t\t\t\t\t\t\t<\/div>\n\t\t\t\t\t\t\t\t\t\t\t\t\t\t\t<div class=\"basel-plan-feature\">\n\t\t\t\t\t\t\t\t\tCertificat de participare\t\t\t\t\t\t\t\t<\/div>\n\t\t\t\t\t\t\t\t\t\t\t\t\t<\/div>\n\t\t\t\t\t\t\t\t\t\t<div class=\"basel-plan-footer\">\n\t\t\t\t\t\t\t\t\t\t\t\t\t<a href=\"http:\/\/ictn.ro\/membri-icoi\" class=\"button price-plan-btn\">\n\t\t\t\t\t\t\t\tAFL\u0102 MAI MULTE\t\t\t\t\t\t\t<\/a>\n\t\t\t\t\t\t\t\t\t\t\t<\/div>\n\t\t\t\t<\/div>\n\t\t\t<\/div>\n\n\t\t\t\t\t\t<\/div>\n\t\t\t<\/div>\n\t\t[vc_empty_space][\/vc_column][\/vc_row][vc_row][vc_column width=&#8221;1\/2&#8243;][vc_empty_space][vc_column_text]<\/p>\n<h2><strong>Ramburs<\/strong><\/h2>\n<p>[\/vc_column_text][vc_column_text]<\/p>\n<ul>\n<li style=\"font-weight: 400;\"><span style=\"font-weight: 400;\">Rezerv\u0103rile anulate p\u00e2n\u0103 \u00een 15 iunie sunt eligibile pentru ramburs integral.<\/span><\/li>\n<li style=\"font-weight: 400;\"><span style=\"font-weight: 400;\">Anul\u0103rile efectuate dup\u0103 15 iunie nu vor fi rambursate. <\/span><\/li>\n<\/ul>\n<p>[\/vc_column_text][vc_empty_space][\/vc_column][vc_column width=&#8221;1\/2&#8243;][\/vc_column][\/vc_row]<\/p>\n<\/div>","protected":false},"excerpt":{"rendered":"<p>[vc_row full_width=&#8221;stretch_row&#8221; parallax=&#8221;content-moving-fade&#8221; parallax_image=&#8221;159&#8243;][vc_column][vc_row_inner][vc_column_inner width=&#8221;1\/2&#8243;][vc_empty_space][vc_column_text] 10% reducere din pre\u021bul biletului \u00eentre 1 &#8211; 8 Martie [\/vc_column_text][vc_column_text el_class=&#8221;fontmare&#8221;]Venim \u00een \u00eent\u00e2mpinarea doamnelor<\/p>\n","protected":false},"author":1,"featured_media":0,"parent":0,"menu_order":0,"comment_status":"closed","ping_status":"closed","template":"","meta":{"_acf_changed":false,"_monsterinsights_skip_tracking":false,"_monsterinsights_sitenote_active":false,"_monsterinsights_sitenote_note":"","_monsterinsights_sitenote_category":0,"footnotes":""},"class_list":["post-295","page","type-page","status-publish","hentry"],"acf":[],"yoast_head":"<!-- This site is optimized with the Yoast SEO plugin v27.0 - https:\/\/yoast.com\/product\/yoast-seo-wordpress\/ -->\n<title>Bilete Martie - Congres ICTN<\/title>\n<meta name=\"robots\" content=\"index, follow, max-snippet:-1, max-image-preview:large, max-video-preview:-1\" \/>\n<link rel=\"canonical\" href=\"https:\/\/ictn.ro\/ro\/bilete-martie\/\" \/>\n<meta property=\"og:locale\" content=\"ro_RO\" \/>\n<meta property=\"og:locale:alternate\" content=\"en_US\" \/>\n<meta property=\"og:type\" content=\"article\" \/>\n<meta property=\"og:title\" content=\"Bilete Martie - Congres ICTN\" \/>\n<meta property=\"og:description\" content=\"[vc_row full_width=&#8221;stretch_row&#8221; parallax=&#8221;content-moving-fade&#8221; parallax_image=&#8221;159&#8243;][vc_column][vc_row_inner][vc_column_inner width=&#8221;1\/2&#8243;][vc_empty_space][vc_column_text] 10% reducere din pre\u021bul biletului \u00eentre 1 &#8211; 8 Martie [\/vc_column_text][vc_column_text el_class=&#8221;fontmare&#8221;]Venim \u00een \u00eent\u00e2mpinarea doamnelor\" \/>\n<meta property=\"og:url\" content=\"https:\/\/ictn.ro\/ro\/bilete-martie\/\" \/>\n<meta property=\"og:site_name\" content=\"Congres ICTN\" \/>\n<meta property=\"article:modified_time\" content=\"2019-02-28T12:40:41+00:00\" \/>\n<meta name=\"twitter:card\" content=\"summary_large_image\" \/>\n<meta name=\"twitter:label1\" content=\"Timp estimat pentru citire\" \/>\n\t<meta name=\"twitter:data1\" content=\"2 minute\" \/>\n<script type=\"application\/ld+json\" class=\"yoast-schema-graph\">{\"@context\":\"https:\/\/schema.org\",\"@graph\":[{\"@type\":\"WebPage\",\"@id\":\"https:\/\/ictn.ro\/bilete-martie\/\",\"url\":\"https:\/\/ictn.ro\/bilete-martie\/\",\"name\":\"Bilete Martie - Congres ICTN\",\"isPartOf\":{\"@id\":\"https:\/\/ictn.ro\/#website\"},\"datePublished\":\"2019-02-27T18:48:33+00:00\",\"dateModified\":\"2019-02-28T12:40:41+00:00\",\"breadcrumb\":{\"@id\":\"https:\/\/ictn.ro\/bilete-martie\/#breadcrumb\"},\"inLanguage\":\"ro-RO\",\"potentialAction\":[{\"@type\":\"ReadAction\",\"target\":[\"https:\/\/ictn.ro\/bilete-martie\/\"]}]},{\"@type\":\"BreadcrumbList\",\"@id\":\"https:\/\/ictn.ro\/bilete-martie\/#breadcrumb\",\"itemListElement\":[{\"@type\":\"ListItem\",\"position\":1,\"name\":\"Prima pagin\u0103\",\"item\":\"https:\/\/ictn.ro\/\"},{\"@type\":\"ListItem\",\"position\":2,\"name\":\"Bilete Martie\"}]},{\"@type\":\"WebSite\",\"@id\":\"https:\/\/ictn.ro\/#website\",\"url\":\"https:\/\/ictn.ro\/\",\"name\":\"Congres ICTN\",\"description\":\"Congres Implant Connected to Nature\",\"potentialAction\":[{\"@type\":\"SearchAction\",\"target\":{\"@type\":\"EntryPoint\",\"urlTemplate\":\"https:\/\/ictn.ro\/?s={search_term_string}\"},\"query-input\":{\"@type\":\"PropertyValueSpecification\",\"valueRequired\":true,\"valueName\":\"search_term_string\"}}],\"inLanguage\":\"ro-RO\"}]}<\/script>\n<!-- \/ Yoast SEO plugin. -->","yoast_head_json":{"title":"Bilete Martie - Congres ICTN","robots":{"index":"index","follow":"follow","max-snippet":"max-snippet:-1","max-image-preview":"max-image-preview:large","max-video-preview":"max-video-preview:-1"},"canonical":"https:\/\/ictn.ro\/ro\/bilete-martie\/","og_locale":"ro_RO","og_type":"article","og_title":"Bilete Martie - Congres ICTN","og_description":"[vc_row full_width=&#8221;stretch_row&#8221; parallax=&#8221;content-moving-fade&#8221; parallax_image=&#8221;159&#8243;][vc_column][vc_row_inner][vc_column_inner width=&#8221;1\/2&#8243;][vc_empty_space][vc_column_text] 10% reducere din pre\u021bul biletului \u00eentre 1 &#8211; 8 Martie [\/vc_column_text][vc_column_text el_class=&#8221;fontmare&#8221;]Venim \u00een \u00eent\u00e2mpinarea doamnelor","og_url":"https:\/\/ictn.ro\/ro\/bilete-martie\/","og_site_name":"Congres ICTN","article_modified_time":"2019-02-28T12:40:41+00:00","twitter_card":"summary_large_image","twitter_misc":{"Timp estimat pentru citire":"2 minute"},"schema":{"@context":"https:\/\/schema.org","@graph":[{"@type":"WebPage","@id":"https:\/\/ictn.ro\/bilete-martie\/","url":"https:\/\/ictn.ro\/bilete-martie\/","name":"Bilete Martie - Congres ICTN","isPartOf":{"@id":"https:\/\/ictn.ro\/#website"},"datePublished":"2019-02-27T18:48:33+00:00","dateModified":"2019-02-28T12:40:41+00:00","breadcrumb":{"@id":"https:\/\/ictn.ro\/bilete-martie\/#breadcrumb"},"inLanguage":"ro-RO","potentialAction":[{"@type":"ReadAction","target":["https:\/\/ictn.ro\/bilete-martie\/"]}]},{"@type":"BreadcrumbList","@id":"https:\/\/ictn.ro\/bilete-martie\/#breadcrumb","itemListElement":[{"@type":"ListItem","position":1,"name":"Prima pagin\u0103","item":"https:\/\/ictn.ro\/"},{"@type":"ListItem","position":2,"name":"Bilete Martie"}]},{"@type":"WebSite","@id":"https:\/\/ictn.ro\/#website","url":"https:\/\/ictn.ro\/","name":"Congres ICTN","description":"Congres Implant Connected to Nature","potentialAction":[{"@type":"SearchAction","target":{"@type":"EntryPoint","urlTemplate":"https:\/\/ictn.ro\/?s={search_term_string}"},"query-input":{"@type":"PropertyValueSpecification","valueRequired":true,"valueName":"search_term_string"}}],"inLanguage":"ro-RO"}]}},"_links":{"self":[{"href":"https:\/\/ictn.ro\/ro\/wp-json\/wp\/v2\/pages\/295","targetHints":{"allow":["GET"]}}],"collection":[{"href":"https:\/\/ictn.ro\/ro\/wp-json\/wp\/v2\/pages"}],"about":[{"href":"https:\/\/ictn.ro\/ro\/wp-json\/wp\/v2\/types\/page"}],"author":[{"embeddable":true,"href":"https:\/\/ictn.ro\/ro\/wp-json\/wp\/v2\/users\/1"}],"replies":[{"embeddable":true,"href":"https:\/\/ictn.ro\/ro\/wp-json\/wp\/v2\/comments?post=295"}],"version-history":[{"count":9,"href":"https:\/\/ictn.ro\/ro\/wp-json\/wp\/v2\/pages\/295\/revisions"}],"predecessor-version":[{"id":379,"href":"https:\/\/ictn.ro\/ro\/wp-json\/wp\/v2\/pages\/295\/revisions\/379"}],"wp:attachment":[{"href":"https:\/\/ictn.ro\/ro\/wp-json\/wp\/v2\/media?parent=295"}],"curies":[{"name":"wp","href":"https:\/\/api.w.org\/{rel}","templated":true}]}}