{"id":2717,"date":"2022-10-31T09:21:57","date_gmt":"2022-10-31T09:21:57","guid":{"rendered":"https:\/\/ictn.ro\/ro\/?page_id=2717"},"modified":"2022-11-15T16:18:23","modified_gmt":"2022-11-15T14:18:23","slug":"curs-etapele-clinice-de-inserare-a-implanturilor-dentare","status":"publish","type":"page","link":"https:\/\/ictn.ro\/ro\/curs-etapele-clinice-de-inserare-a-implanturilor-dentare\/","title":{"rendered":"Etapele clinice de inserare a implanturilor dentare"},"content":{"rendered":"<div class=\"wpb-content-wrapper\"><p>[vc_row][vc_column width=&#8221;1\/2&#8243;][vc_column_text]<\/p>\n<h1><span class=\"s4\">Etapele clinice de inserare a implanturilor dentare<br \/>\n<\/span><\/h1>\n<p><b>Curs de teorie aplicat\u0103 \u0219i demonstra\u021bie<span class=\"Apple-converted-space\">\u00a0<\/span><\/b><\/p>\n<p><b>Dr. Iulian Filipov, Medic specialist in Chirurgie Oral\u0103 \u0219i Maxilo-facial\u0103<\/b>[\/vc_column_text][vc_empty_space height=&#8221;64px&#8221;][\/vc_column][vc_column width=&#8221;1\/2&#8243;][vc_single_image image=&#8221;2943&#8243; img_size=&#8221;full&#8221;][\/vc_column][\/vc_row][vc_row gap=&#8221;30&#8243;][vc_column width=&#8221;1\/2&#8243;][vc_column_text]<\/p>\n<h2><span class=\"s13\"> Teorie: <\/span><\/h2>\n<p>[\/vc_column_text][vc_separator color=&#8221;black&#8221;][vc_column_text]<\/p>\n<div class=\"s7\">\n<p><span class=\"Apple-converted-space\">\u2022 \u00a0<\/span>Introducere \u00een<span class=\"Apple-converted-space\">\u00a0 <\/span>implantologie<\/p>\n<p>\u2022 Componen\u021bele implanturilor conven\u021bionale<\/p>\n<p>\u2022 Anatomie: no\u021biuni de baz\u0103<\/p>\n<p>\u2022 Osteointegrare: concept \u0219i condi\u021bii optime<span class=\"Apple-converted-space\">\u00a0<\/span><\/p>\n<p>\u2022 Evaluarea loco-regional\u0103 \u0219i sistemic\u0103 a pacientului<span class=\"Apple-converted-space\">\u00a0<\/span><\/p>\n<p>\u2022 Afec\u021biunle sistemice \u0219i impactul acestora \u00een implantologia oral\u0103<\/p>\n<p>\u2022 Evaluarea radiologic\u0103 preoperatorie: prezentarea<span class=\"Apple-converted-space\">\u00a0 <\/span>procedurii de m\u0103surare tridimensional\u0103<span class=\"Apple-converted-space\">\u00a0 <\/span>a sitului<span class=\"Apple-converted-space\">\u00a0<\/span><\/p>\n<p>\u2022 Introducere \u00een armamentarium<\/p>\n<p>\u2022 Asepsia \u0219i antisepsia preoperatorie<\/p>\n<p>\u2022 Anestezie: alegerea tehnicii chirurgicale<\/p>\n<p>\u2022 Protocolul de preparare a neoalveolei<span class=\"Apple-converted-space\">\u00a0<\/span><\/p>\n<p>\u2022 Inserarea propriu-zis\u0103 a implantului: viteza de rota\u021bie a piesei contraunghi \u0219i torque-ul corespunz\u0103tor inser\u0103rii<\/p>\n<p>\u2022 Sutura: selec\u021bia tipului de fir de sutur\u0103 \u0219i a tehnicii de sutur\u0103<\/p>\n<\/div>\n<p>[\/vc_column_text][\/vc_column][vc_column width=&#8221;1\/2&#8243;][vc_column_text]<\/p>\n<h2><span class=\"s13\"> Practic\u0103: <\/span><\/h2>\n<p>[\/vc_column_text][vc_separator color=&#8221;black&#8221;][vc_column_text]<\/p>\n<div class=\"s7\">\n<div class=\"s7\">\n<p>Partea practic\u0103<span class=\"Apple-converted-space\">\u00a0<\/span>va consta \u00een inserarea implanturilor dentare de c\u0103tre fiecare participant.<\/p>\n<\/div>\n<\/div>\n<p>[\/vc_column_text][\/vc_column][\/vc_row][vc_row full_width=&#8221;stretch_row&#8221; css=&#8221;.vc_custom_1658234077796{background-color: #f9f9f9 !important;}&#8221;][vc_column][vc_empty_space height=&#8221;64px&#8221;][vc_column_text]<\/p>\n<h2><b>Dr. Iulian Filipov, Medic specialist in Chirurgie Oral\u0103 \u0219i Maxilo-facial\u0103<br \/>\n<\/b><\/h2>\n<p>[\/vc_column_text][vc_column_text]<\/p>\n<div class=\"s11\">\n<ul>\n<li>Activitatea sa se desf\u0103\u0219oar\u0103 \u00een cadrul Spitalului Militar &#8220;Regina Maria&#8221; Bra\u0219ov, Re\u021beaua privat\u0103 de s\u0103n\u0103tate &#8220;Regina Maria&#8221; \u0219i clinica Michelangelo Medical Bra\u0219ov.<\/li>\n<li>Arii de interes: patologia tumoral\u0103 a glandei parotide, chirurgie ortognatic\u0103 \u0219i implantologie dentar\u0103.<span class=\"Apple-converted-space\">\u00a0<\/span><\/li>\n<li>Speaker \u0219i lider de opine (MegaGen, Botiss, FaceGide).<\/li>\n<li>Membru activ al unor semnificative asocia\u021bii globale de implantologie \u0219i chirurgie maxilo-facial\u0103.<\/li>\n<li>Implicat activ \u00een proiecte de cercetare clinic\u0103 \u0219i articole de specialitate.<\/li>\n<\/ul>\n<\/div>\n<p>[\/vc_column_text][vc_empty_space height=&#8221;64px&#8221;][vc_row_inner css=&#8221;.vc_custom_1663761697184{background-color: #73c1c9 !important;}&#8221;][vc_column_inner width=&#8221;1\/4&#8243;][vc_column_text]<\/p>\n<h3>Registrations:<\/h3>\n<p>[\/vc_column_text][vc_column_text]Cecilia Rechitan: +40 738 792 530[\/vc_column_text][\/vc_column_inner][vc_column_inner width=&#8221;1\/4&#8243;][vc_column_text]<\/p>\n<h3><strong>No. of participants<\/strong><\/h3>\n<p>[\/vc_column_text][vc_column_text]20[\/vc_column_text][\/vc_column_inner][vc_column_inner width=&#8221;1\/4&#8243;][vc_column_text]<\/p>\n<h3><strong>Registration fee:\u00a0<\/strong><\/h3>\n<p>[\/vc_column_text][vc_column_text]150 Euro[\/vc_column_text][\/vc_column_inner][vc_column_inner width=&#8221;1\/4&#8243;][vc_column_text]<\/p>\n<h3>Date:<\/h3>\n<p>joi 24.11.2022 :\u00a009:00-16:30[\/vc_column_text][vc_column_text][\/vc_column_text][\/vc_column_inner][\/vc_row_inner][\/vc_column][\/vc_row]<\/p>\n<\/div>","protected":false},"excerpt":{"rendered":"<p>[vc_row][vc_column width=&#8221;1\/2&#8243;][vc_column_text] Etapele clinice de inserare a implanturilor dentare Curs de teorie aplicat\u0103 \u0219i demonstra\u021bie\u00a0 Dr. Iulian Filipov, Medic specialist<\/p>\n","protected":false},"author":1,"featured_media":0,"parent":0,"menu_order":0,"comment_status":"closed","ping_status":"closed","template":"","meta":{"_acf_changed":false,"_monsterinsights_skip_tracking":false,"_monsterinsights_sitenote_active":false,"_monsterinsights_sitenote_note":"","_monsterinsights_sitenote_category":0,"footnotes":""},"class_list":["post-2717","page","type-page","status-publish","hentry"],"acf":[],"yoast_head":"<!-- This site is optimized with the Yoast SEO plugin v27.0 - https:\/\/yoast.com\/product\/yoast-seo-wordpress\/ -->\n<title>Etapele clinice de inserare a implanturilor dentare<\/title>\n<meta name=\"robots\" content=\"index, follow, max-snippet:-1, max-image-preview:large, max-video-preview:-1\" \/>\n<link rel=\"canonical\" href=\"https:\/\/ictn.ro\/ro\/curs-etapele-clinice-de-inserare-a-implanturilor-dentare\/\" \/>\n<meta property=\"og:locale\" content=\"ro_RO\" \/>\n<meta property=\"og:locale:alternate\" content=\"en_US\" \/>\n<meta property=\"og:type\" content=\"article\" \/>\n<meta property=\"og:title\" content=\"Etapele clinice de inserare a implanturilor dentare\" \/>\n<meta property=\"og:description\" content=\"[vc_row][vc_column width=&#8221;1\/2&#8243;][vc_column_text] Etapele clinice de inserare a implanturilor dentare Curs de teorie aplicat\u0103 \u0219i demonstra\u021bie\u00a0 Dr. Iulian Filipov, Medic specialist\" \/>\n<meta property=\"og:url\" content=\"https:\/\/ictn.ro\/ro\/curs-etapele-clinice-de-inserare-a-implanturilor-dentare\/\" \/>\n<meta property=\"og:site_name\" content=\"Congres ICTN\" \/>\n<meta property=\"article:modified_time\" content=\"2022-11-15T14:18:23+00:00\" \/>\n<meta name=\"twitter:card\" content=\"summary_large_image\" \/>\n<meta name=\"twitter:label1\" content=\"Timp estimat pentru citire\" \/>\n\t<meta name=\"twitter:data1\" content=\"2 minute\" \/>\n<script type=\"application\/ld+json\" class=\"yoast-schema-graph\">{\"@context\":\"https:\/\/schema.org\",\"@graph\":[{\"@type\":\"WebPage\",\"@id\":\"https:\/\/ictn.ro\/ro\/curs-etapele-clinice-de-inserare-a-implanturilor-dentare\/\",\"url\":\"https:\/\/ictn.ro\/ro\/curs-etapele-clinice-de-inserare-a-implanturilor-dentare\/\",\"name\":\"Etapele clinice de inserare a implanturilor dentare\",\"isPartOf\":{\"@id\":\"https:\/\/ictn.ro\/#website\"},\"datePublished\":\"2022-10-31T09:21:57+00:00\",\"dateModified\":\"2022-11-15T14:18:23+00:00\",\"breadcrumb\":{\"@id\":\"https:\/\/ictn.ro\/ro\/curs-etapele-clinice-de-inserare-a-implanturilor-dentare\/#breadcrumb\"},\"inLanguage\":\"ro-RO\",\"potentialAction\":[{\"@type\":\"ReadAction\",\"target\":[\"https:\/\/ictn.ro\/ro\/curs-etapele-clinice-de-inserare-a-implanturilor-dentare\/\"]}]},{\"@type\":\"BreadcrumbList\",\"@id\":\"https:\/\/ictn.ro\/ro\/curs-etapele-clinice-de-inserare-a-implanturilor-dentare\/#breadcrumb\",\"itemListElement\":[{\"@type\":\"ListItem\",\"position\":1,\"name\":\"Prima pagin\u0103\",\"item\":\"https:\/\/ictn.ro\/\"},{\"@type\":\"ListItem\",\"position\":2,\"name\":\"Etapele clinice de inserare a implanturilor dentare\"}]},{\"@type\":\"WebSite\",\"@id\":\"https:\/\/ictn.ro\/#website\",\"url\":\"https:\/\/ictn.ro\/\",\"name\":\"Congres ICTN\",\"description\":\"Congres Implant Connected to Nature\",\"potentialAction\":[{\"@type\":\"SearchAction\",\"target\":{\"@type\":\"EntryPoint\",\"urlTemplate\":\"https:\/\/ictn.ro\/?s={search_term_string}\"},\"query-input\":{\"@type\":\"PropertyValueSpecification\",\"valueRequired\":true,\"valueName\":\"search_term_string\"}}],\"inLanguage\":\"ro-RO\"}]}<\/script>\n<!-- \/ Yoast SEO plugin. -->","yoast_head_json":{"title":"Etapele clinice de inserare a implanturilor dentare","robots":{"index":"index","follow":"follow","max-snippet":"max-snippet:-1","max-image-preview":"max-image-preview:large","max-video-preview":"max-video-preview:-1"},"canonical":"https:\/\/ictn.ro\/ro\/curs-etapele-clinice-de-inserare-a-implanturilor-dentare\/","og_locale":"ro_RO","og_type":"article","og_title":"[:en]Etapele clinice de inserare a implanturilor dentare[:ro]Etapele clinice de inserare a implanturilor dentare[:] - Congres ICTN","og_description":"[vc_row][vc_column width=&#8221;1\/2&#8243;][vc_column_text] Etapele clinice de inserare a implanturilor dentare Curs de teorie aplicat\u0103 \u0219i demonstra\u021bie\u00a0 Dr. Iulian Filipov, Medic specialist","og_url":"https:\/\/ictn.ro\/ro\/curs-etapele-clinice-de-inserare-a-implanturilor-dentare\/","og_site_name":"Congres ICTN","article_modified_time":"2022-11-15T14:18:23+00:00","twitter_card":"summary_large_image","twitter_misc":{"Timp estimat pentru citire":"2 minute"},"schema":{"@context":"https:\/\/schema.org","@graph":[{"@type":"WebPage","@id":"https:\/\/ictn.ro\/ro\/curs-etapele-clinice-de-inserare-a-implanturilor-dentare\/","url":"https:\/\/ictn.ro\/ro\/curs-etapele-clinice-de-inserare-a-implanturilor-dentare\/","name":"Etapele clinice de inserare a implanturilor dentare","isPartOf":{"@id":"https:\/\/ictn.ro\/#website"},"datePublished":"2022-10-31T09:21:57+00:00","dateModified":"2022-11-15T14:18:23+00:00","breadcrumb":{"@id":"https:\/\/ictn.ro\/ro\/curs-etapele-clinice-de-inserare-a-implanturilor-dentare\/#breadcrumb"},"inLanguage":"ro-RO","potentialAction":[{"@type":"ReadAction","target":["https:\/\/ictn.ro\/ro\/curs-etapele-clinice-de-inserare-a-implanturilor-dentare\/"]}]},{"@type":"BreadcrumbList","@id":"https:\/\/ictn.ro\/ro\/curs-etapele-clinice-de-inserare-a-implanturilor-dentare\/#breadcrumb","itemListElement":[{"@type":"ListItem","position":1,"name":"Prima pagin\u0103","item":"https:\/\/ictn.ro\/"},{"@type":"ListItem","position":2,"name":"Etapele clinice de inserare a implanturilor dentare"}]},{"@type":"WebSite","@id":"https:\/\/ictn.ro\/#website","url":"https:\/\/ictn.ro\/","name":"Congres ICTN","description":"Congres Implant Connected to Nature","potentialAction":[{"@type":"SearchAction","target":{"@type":"EntryPoint","urlTemplate":"https:\/\/ictn.ro\/?s={search_term_string}"},"query-input":{"@type":"PropertyValueSpecification","valueRequired":true,"valueName":"search_term_string"}}],"inLanguage":"ro-RO"}]}},"_links":{"self":[{"href":"https:\/\/ictn.ro\/ro\/wp-json\/wp\/v2\/pages\/2717","targetHints":{"allow":["GET"]}}],"collection":[{"href":"https:\/\/ictn.ro\/ro\/wp-json\/wp\/v2\/pages"}],"about":[{"href":"https:\/\/ictn.ro\/ro\/wp-json\/wp\/v2\/types\/page"}],"author":[{"embeddable":true,"href":"https:\/\/ictn.ro\/ro\/wp-json\/wp\/v2\/users\/1"}],"replies":[{"embeddable":true,"href":"https:\/\/ictn.ro\/ro\/wp-json\/wp\/v2\/comments?post=2717"}],"version-history":[{"count":15,"href":"https:\/\/ictn.ro\/ro\/wp-json\/wp\/v2\/pages\/2717\/revisions"}],"predecessor-version":[{"id":2946,"href":"https:\/\/ictn.ro\/ro\/wp-json\/wp\/v2\/pages\/2717\/revisions\/2946"}],"wp:attachment":[{"href":"https:\/\/ictn.ro\/ro\/wp-json\/wp\/v2\/media?parent=2717"}],"curies":[{"name":"wp","href":"https:\/\/api.w.org\/{rel}","templated":true}]}}