{"id":2561,"date":"2022-09-23T10:53:40","date_gmt":"2022-09-23T10:53:40","guid":{"rendered":"https:\/\/ictn.ro\/?page_id=2561"},"modified":"2022-11-01T11:34:25","modified_gmt":"2022-11-01T11:34:25","slug":"protetica-pe-implanturi-tissue-level","status":"publish","type":"page","link":"https:\/\/ictn.ro\/ro\/protetica-pe-implanturi-tissue-level\/","title":{"rendered":"Protetica pe implanturi tissue level &#8211;  a new way of thinking"},"content":{"rendered":"<div class=\"wpb-content-wrapper\"><p>[vc_row][vc_column width=&#8221;1\/2&#8243;][vc_column_text]<\/p>\n<h1>Protetica pe implanturi tissue level &#8211; \u00a0a new way of thinking<\/h1>\n<p>[\/vc_column_text][\/vc_column][vc_column width=&#8221;1\/2&#8243;][vc_single_image image=&#8221;2582&#8243; img_size=&#8221;full&#8221;][\/vc_column][\/vc_row][vc_row][vc_column][vc_column_text]<\/p>\n<h1><span class=\"s2\">Digital <\/span><span class=\"s2\">connected<\/span> <span class=\"s2\">to<\/span> <span class=\"s2\">nature<\/span><\/h1>\n<p>[\/vc_column_text][vc_column_text]Implanturile tissue level sunt un mare plus in in era implantologie moderne. Din punct de vedere chirurgical, confer\u0103 foarte multe avantaje ce trebuie \u00eens\u0103 completate \u0219i cu o restaurare protetica cu o altfel de abordare pentru a dob\u00e2ndi rezultate stabile pe termen lung. Ra\u021bionamentul alegerii tipului de restaurare este \u0219i el diferit \u0219i putem alege din o multitudine de solu\u021bii pentru acela\u0219i caz clinic[\/vc_column_text][\/vc_column][\/vc_row][vc_row full_width=&#8221;stretch_row&#8221; css=&#8221;.vc_custom_1658234077796{background-color: #f9f9f9 !important;}&#8221;][vc_column][vc_row_inner css=&#8221;.vc_custom_1663761697184{background-color: #73c1c9 !important;}&#8221;][vc_column_inner width=&#8221;1\/4&#8243;][vc_column_text]<\/p>\n<h3><strong>Registrations:<\/strong><\/h3>\n<p>[\/vc_column_text][vc_column_text]Simina Florea: 0754066419[\/vc_column_text][\/vc_column_inner][vc_column_inner width=&#8221;1\/4&#8243;][vc_column_text]<\/p>\n<h3><strong>No. of participants:<\/strong><\/h3>\n<p>[\/vc_column_text][\/vc_column_inner][vc_column_inner width=&#8221;1\/4&#8243;][vc_column_text]<\/p>\n<h3><strong>Registration fee:\u00a0<\/strong><\/h3>\n<p>300 lei[\/vc_column_text][\/vc_column_inner][vc_column_inner width=&#8221;1\/4&#8243;][vc_column_text]<\/p>\n<h3><strong>Date:<\/strong><\/h3>\n<p>[\/vc_column_text][vc_column_text]joi 24.11.2022 :\u00a009:30-13:00[\/vc_column_text][\/vc_column_inner][\/vc_row_inner][\/vc_column][\/vc_row]<\/p>\n<\/div>","protected":false},"excerpt":{"rendered":"<p>[vc_row][vc_column width=&#8221;1\/2&#8243;][vc_column_text] Protetica pe implanturi tissue level &#8211; \u00a0a new way of thinking [\/vc_column_text][\/vc_column][vc_column width=&#8221;1\/2&#8243;][vc_single_image image=&#8221;2582&#8243; img_size=&#8221;full&#8221;][\/vc_column][\/vc_row][vc_row][vc_column][vc_column_text] Digital connected to<\/p>\n","protected":false},"author":1,"featured_media":0,"parent":0,"menu_order":0,"comment_status":"closed","ping_status":"closed","template":"","meta":{"_acf_changed":false,"_monsterinsights_skip_tracking":false,"_monsterinsights_sitenote_active":false,"_monsterinsights_sitenote_note":"","_monsterinsights_sitenote_category":0,"footnotes":""},"class_list":["post-2561","page","type-page","status-publish","hentry"],"acf":[],"yoast_head":"<!-- This site is optimized with the Yoast SEO plugin v27.0 - https:\/\/yoast.com\/product\/yoast-seo-wordpress\/ -->\n<title>Protetica pe implanturi tissue level - a new way of thinking<\/title>\n<meta name=\"robots\" content=\"index, follow, max-snippet:-1, max-image-preview:large, max-video-preview:-1\" \/>\n<link rel=\"canonical\" href=\"https:\/\/ictn.ro\/ro\/protetica-pe-implanturi-tissue-level\/\" \/>\n<meta property=\"og:locale\" content=\"ro_RO\" \/>\n<meta property=\"og:locale:alternate\" content=\"en_US\" \/>\n<meta property=\"og:type\" content=\"article\" \/>\n<meta property=\"og:title\" content=\"Protetica pe implanturi tissue level - a new way of thinking\" \/>\n<meta property=\"og:description\" content=\"[vc_row][vc_column width=&#8221;1\/2&#8243;][vc_column_text] Protetica pe implanturi tissue level &#8211; \u00a0a new way of thinking [\/vc_column_text][\/vc_column][vc_column width=&#8221;1\/2&#8243;][vc_single_image image=&#8221;2582&#8243; img_size=&#8221;full&#8221;][\/vc_column][\/vc_row][vc_row][vc_column][vc_column_text] Digital connected to\" \/>\n<meta property=\"og:url\" content=\"https:\/\/ictn.ro\/ro\/protetica-pe-implanturi-tissue-level\/\" \/>\n<meta property=\"og:site_name\" content=\"Congres ICTN\" \/>\n<meta property=\"article:modified_time\" content=\"2022-11-01T11:34:25+00:00\" \/>\n<meta name=\"twitter:card\" content=\"summary_large_image\" \/>\n<meta name=\"twitter:label1\" content=\"Timp estimat pentru citire\" \/>\n\t<meta name=\"twitter:data1\" content=\"1 minut\" \/>\n<script type=\"application\/ld+json\" class=\"yoast-schema-graph\">{\"@context\":\"https:\/\/schema.org\",\"@graph\":[{\"@type\":\"WebPage\",\"@id\":\"https:\/\/ictn.ro\/protetica-pe-implanturi-tissue-level\/\",\"url\":\"https:\/\/ictn.ro\/protetica-pe-implanturi-tissue-level\/\",\"name\":\"Protetica pe implanturi tissue level - a new way of thinking\",\"isPartOf\":{\"@id\":\"https:\/\/ictn.ro\/#website\"},\"datePublished\":\"2022-09-23T10:53:40+00:00\",\"dateModified\":\"2022-11-01T11:34:25+00:00\",\"breadcrumb\":{\"@id\":\"https:\/\/ictn.ro\/protetica-pe-implanturi-tissue-level\/#breadcrumb\"},\"inLanguage\":\"ro-RO\",\"potentialAction\":[{\"@type\":\"ReadAction\",\"target\":[\"https:\/\/ictn.ro\/protetica-pe-implanturi-tissue-level\/\"]}]},{\"@type\":\"BreadcrumbList\",\"@id\":\"https:\/\/ictn.ro\/protetica-pe-implanturi-tissue-level\/#breadcrumb\",\"itemListElement\":[{\"@type\":\"ListItem\",\"position\":1,\"name\":\"Prima pagin\u0103\",\"item\":\"https:\/\/ictn.ro\/\"},{\"@type\":\"ListItem\",\"position\":2,\"name\":\"Protetica pe implanturi tissue level &#8211; a new way of thinking\"}]},{\"@type\":\"WebSite\",\"@id\":\"https:\/\/ictn.ro\/#website\",\"url\":\"https:\/\/ictn.ro\/\",\"name\":\"Congres ICTN\",\"description\":\"Congres Implant Connected to Nature\",\"potentialAction\":[{\"@type\":\"SearchAction\",\"target\":{\"@type\":\"EntryPoint\",\"urlTemplate\":\"https:\/\/ictn.ro\/?s={search_term_string}\"},\"query-input\":{\"@type\":\"PropertyValueSpecification\",\"valueRequired\":true,\"valueName\":\"search_term_string\"}}],\"inLanguage\":\"ro-RO\"}]}<\/script>\n<!-- \/ Yoast SEO plugin. -->","yoast_head_json":{"title":"Protetica pe implanturi tissue level - a new way of thinking","robots":{"index":"index","follow":"follow","max-snippet":"max-snippet:-1","max-image-preview":"max-image-preview:large","max-video-preview":"max-video-preview:-1"},"canonical":"https:\/\/ictn.ro\/ro\/protetica-pe-implanturi-tissue-level\/","og_locale":"ro_RO","og_type":"article","og_title":"[:en]Protetica pe implanturi tissue level - a new way of thinking[:ro]Protetica pe implanturi tissue level - a new way of thinking[:] - Congres ICTN","og_description":"[vc_row][vc_column width=&#8221;1\/2&#8243;][vc_column_text] Protetica pe implanturi tissue level &#8211; \u00a0a new way of thinking [\/vc_column_text][\/vc_column][vc_column width=&#8221;1\/2&#8243;][vc_single_image image=&#8221;2582&#8243; img_size=&#8221;full&#8221;][\/vc_column][\/vc_row][vc_row][vc_column][vc_column_text] Digital connected to","og_url":"https:\/\/ictn.ro\/ro\/protetica-pe-implanturi-tissue-level\/","og_site_name":"Congres ICTN","article_modified_time":"2022-11-01T11:34:25+00:00","twitter_card":"summary_large_image","twitter_misc":{"Timp estimat pentru citire":"1 minut"},"schema":{"@context":"https:\/\/schema.org","@graph":[{"@type":"WebPage","@id":"https:\/\/ictn.ro\/protetica-pe-implanturi-tissue-level\/","url":"https:\/\/ictn.ro\/protetica-pe-implanturi-tissue-level\/","name":"Protetica pe implanturi tissue level - a new way of thinking","isPartOf":{"@id":"https:\/\/ictn.ro\/#website"},"datePublished":"2022-09-23T10:53:40+00:00","dateModified":"2022-11-01T11:34:25+00:00","breadcrumb":{"@id":"https:\/\/ictn.ro\/protetica-pe-implanturi-tissue-level\/#breadcrumb"},"inLanguage":"ro-RO","potentialAction":[{"@type":"ReadAction","target":["https:\/\/ictn.ro\/protetica-pe-implanturi-tissue-level\/"]}]},{"@type":"BreadcrumbList","@id":"https:\/\/ictn.ro\/protetica-pe-implanturi-tissue-level\/#breadcrumb","itemListElement":[{"@type":"ListItem","position":1,"name":"Prima pagin\u0103","item":"https:\/\/ictn.ro\/"},{"@type":"ListItem","position":2,"name":"Protetica pe implanturi tissue level &#8211; a new way of thinking"}]},{"@type":"WebSite","@id":"https:\/\/ictn.ro\/#website","url":"https:\/\/ictn.ro\/","name":"Congres ICTN","description":"Congres Implant Connected to Nature","potentialAction":[{"@type":"SearchAction","target":{"@type":"EntryPoint","urlTemplate":"https:\/\/ictn.ro\/?s={search_term_string}"},"query-input":{"@type":"PropertyValueSpecification","valueRequired":true,"valueName":"search_term_string"}}],"inLanguage":"ro-RO"}]}},"_links":{"self":[{"href":"https:\/\/ictn.ro\/ro\/wp-json\/wp\/v2\/pages\/2561","targetHints":{"allow":["GET"]}}],"collection":[{"href":"https:\/\/ictn.ro\/ro\/wp-json\/wp\/v2\/pages"}],"about":[{"href":"https:\/\/ictn.ro\/ro\/wp-json\/wp\/v2\/types\/page"}],"author":[{"embeddable":true,"href":"https:\/\/ictn.ro\/ro\/wp-json\/wp\/v2\/users\/1"}],"replies":[{"embeddable":true,"href":"https:\/\/ictn.ro\/ro\/wp-json\/wp\/v2\/comments?post=2561"}],"version-history":[{"count":9,"href":"https:\/\/ictn.ro\/ro\/wp-json\/wp\/v2\/pages\/2561\/revisions"}],"predecessor-version":[{"id":2743,"href":"https:\/\/ictn.ro\/ro\/wp-json\/wp\/v2\/pages\/2561\/revisions\/2743"}],"wp:attachment":[{"href":"https:\/\/ictn.ro\/ro\/wp-json\/wp\/v2\/media?parent=2561"}],"curies":[{"name":"wp","href":"https:\/\/api.w.org\/{rel}","templated":true}]}}