{"id":2382,"date":"2022-07-26T11:03:04","date_gmt":"2022-07-26T11:03:04","guid":{"rendered":"https:\/\/ictn.ro\/?page_id=2382"},"modified":"2022-07-26T11:05:51","modified_gmt":"2022-07-26T11:05:51","slug":"prof-dr-ioan-sirbu","status":"publish","type":"page","link":"https:\/\/ictn.ro\/ro\/prof-dr-ioan-sirbu\/","title":{"rendered":"Prof. Dr. Ioan S\u00eerbu"},"content":{"rendered":"<div class=\"wpb-content-wrapper\"><p>[vc_row full_width=&#8221;stretch_row_content&#8221; css=&#8221;.vc_custom_1651825914703{background-color: #dfdfdf !important;}&#8221;][vc_column width=&#8221;1\/4&#8243;][vc_single_image image=&#8221;2348&#8243; img_size=&#8221;full&#8221; css=&#8221;.vc_custom_1658833174192{margin-left: -15px !important;padding-left: 0px !important;}&#8221;][\/vc_column][vc_column width=&#8221;3\/4&#8243;][vc_row_inner][vc_column_inner width=&#8221;3\/4&#8243;][vc_empty_space][vc_column_text]<\/p>\n<h1><span style=\"color: #ffffff;\"><b>Prof. Dr. Ioan S\u00eerbu<\/b><\/span><\/h1>\n<p>[\/vc_column_text][vc_separator color=&#8221;custom&#8221; align=&#8221;align_left&#8221; border_width=&#8221;4&#8243; el_width=&#8221;50&#8243; accent_color=&#8221;#53c3ce&#8221; css=&#8221;.vc_custom_1580471609840{margin-top: -20px !important;}&#8221;][vc_column_text el_class=&#8221;fontmare&#8221;]<span style=\"font-weight: 400;\">\u2022 CEO &#8211; Clinica privat\u0103 Dr. Ioan S\u00eerbu, Bucure\u0219ti<\/span><br \/>\n<span style=\"font-weight: 400;\">\u2022 Membru al Academiei Americane de Implant Stomatologic<\/span><br \/>\n<span style=\"font-weight: 400;\">\u2022 Pre\u0219edintele Asocia\u021biei Rom\u00e2ne de Implantologie Oral\u0103 \u0219i Biomateriale<\/span>[\/vc_column_text][\/vc_column_inner][vc_column_inner width=&#8221;1\/4&#8243;][vc_empty_space][vc_single_image image=&#8221;1121&#8243;][\/vc_column_inner][\/vc_row_inner][\/vc_column][\/vc_row][vc_row][vc_column width=&#8221;1\/6&#8243;][\/vc_column][vc_column width=&#8221;2\/3&#8243;][vc_empty_space][vc_column_text]<\/p>\n<h1><span style=\"color: #808080;\"><b>ACTIVITATE<\/b><\/span><\/h1>\n<p>[\/vc_column_text][vc_separator color=&#8221;custom&#8221; align=&#8221;align_left&#8221; border_width=&#8221;4&#8243; el_width=&#8221;50&#8243; accent_color=&#8221;#bcbcbc&#8221; css=&#8221;.vc_custom_1576238281429{margin-top: -20px !important;}&#8221;][vc_column_text el_class=&#8221;fontmare&#8221;]<span style=\"font-weight: 400;\">Prof. Dr. Ioan S\u00eerbu este profesor universitar la Facultatea de Medicin\u0103 Dentar\u0103, din cadrul Universit\u0103\u021bii de Medicin\u0103 \u0219i Farmacie \u201eDr. Carol Davila\u201d din Bucure\u0219ti, unde coordoneaz\u0103 Departamentul Implantologie Oral\u0103.\u00a0<\/span><\/p>\n<p><span style=\"font-weight: 400;\">Membru al Academiei Americane de Implant Stomatologic, acesta a urmat cursurile universitare la New York University, la departamentul de Implantologie Oral\u0103.\u00a0<\/span><\/p>\n<p><span style=\"font-weight: 400;\">Director al clinicii particulare Dr. Ioan S\u00eerbu din Bucure\u0219ti, Prof. Dr. Ioan S\u00eerbu are peste 20 de ani de activitate \u00een care a inserat\u00a0 peste 25 000 de implanturi.\u00a0<\/span><\/p>\n<p><span style=\"font-weight: 400;\">De-a lungul carierei sale, acesta este autorul a nou\u0103 brevete din domeniul implantologiei orale, prin care a cercetat \u0219i promovat noi tipuri de implanturi, echipamente \u0219i tehnici dentare.<\/span>[\/vc_column_text][vc_empty_space][\/vc_column][vc_column width=&#8221;1\/6&#8243;]\n\t\t\t<ul class=\"social-icons text-left icons-design-default icons-size-default social-share \">\n\t\t\t\t\t\t\t\t\t<li class=\"social-facebook\"><a rel=\"nofollow\" href=\"https:\/\/www.facebook.com\/sharer\/sharer.php?u=https:\/\/ictn.ro\/ro\/prof-dr-ioan-sirbu\/\" target=\"_blank\" class=\"\"><i class=\"fa fa-facebook\"><\/i><span class=\"basel-social-icon-name\">Facebook<\/span><\/a><\/li>\n\t\t\t\t\n\t\t\t\t\t\t\t\t\t<li class=\"social-twitter\"><a rel=\"nofollow\" href=\"https:\/\/twitter.com\/share?url=https:\/\/ictn.ro\/ro\/prof-dr-ioan-sirbu\/\" target=\"_blank\" class=\"\"><i class=\"fa fa-twitter\"><\/i><span class=\"basel-social-icon-name\">Twitter<\/span><\/a><\/li>\n\t\t\t\t\n\t\t\t\t\n\t\t\t\t\n\t\t\t\t\n\t\t\t\t\t\t\t\t\t<li class=\"social-pinterest\"><a rel=\"nofollow\" href=\"https:\/\/pinterest.com\/pin\/create\/button\/?url=https:\/\/ictn.ro\/ro\/prof-dr-ioan-sirbu\/&media=https:\/\/ictn.ro\/wp-includes\/images\/media\/default.svg\" target=\"_blank\" class=\"\"><i class=\"fa fa-pinterest\"><\/i><span class=\"basel-social-icon-name\">Pinterest<\/span><\/a><\/li>\n\t\t\t\t\n\t\t\t\t\n\t\t\t\t\t\t\t\t\t<li class=\"social-linkedin\"><a rel=\"nofollow\" href=\"https:\/\/www.linkedin.com\/shareArticle?mini=true&url=https:\/\/ictn.ro\/ro\/prof-dr-ioan-sirbu\/\" target=\"_blank\" class=\"\"><i class=\"fa fa-linkedin\"><\/i><span class=\"basel-social-icon-name\">LinkedIn<\/span><\/a><\/li>\n\t\t\t\t\n\t\t\t\t\n\t\t\t\t\n\t\t\t\t\n\t\t\t\t\n\t\t\t\t\n\t\t\t\t\n\t\t\t\t\n\t\t\t\t\n\t\t\t\t\t\t\t\t\n\t\t\t\t\n\t\t\t\t\n\t\t\t\t\t\t\t\t\t<li class=\"social-tg\"><a rel=\"nofollow\" href=\"https:\/\/telegram.me\/share\/url?url=https:\/\/ictn.ro\/ro\/prof-dr-ioan-sirbu\/\" target=\"_blank\" class=\"\"><i class=\"fa fa-telegram\"><\/i><span class=\"basel-social-icon-name\">Telegram<\/span><\/a><\/li>\n\t\t\t\t\n\t\t\t<\/ul>\n\n\t\t[\/vc_column][\/vc_row][vc_row full_width=&#8221;stretch_row_content&#8221; css=&#8221;.vc_custom_1580460209958{background-color: #71c3ca !important;}&#8221;][vc_column]<div class=\"basel-button-wrapper text-center\"><a href=\"http:\/\/ictn.ro\/bilete\/\" title=\"Bilete\" class=\"btn btn-color-white btn-style-bordered btn-size-default\">Pre\u021b bilete<\/a><\/div>[vc_empty_space][vc_row_inner css=&#8221;.vc_custom_1551283821754{margin-left: 30px !important;}&#8221;][vc_column_inner width=&#8221;1\/2&#8243;][\/vc_column_inner][vc_column_inner width=&#8221;1\/4&#8243;][\/vc_column_inner][vc_column_inner width=&#8221;1\/4&#8243;][\/vc_column_inner][\/vc_row_inner][\/vc_column][\/vc_row][vc_row][vc_column][vc_column_text]<\/p>\n<p>&nbsp;<\/p>\n<p>[\/vc_column_text][\/vc_column][\/vc_row]<\/p>\n<\/div>","protected":false},"excerpt":{"rendered":"<p>[vc_row full_width=&#8221;stretch_row_content&#8221; css=&#8221;.vc_custom_1651825914703{background-color: #dfdfdf !important;}&#8221;][vc_column width=&#8221;1\/4&#8243;][vc_single_image image=&#8221;2348&#8243; img_size=&#8221;full&#8221; css=&#8221;.vc_custom_1658833174192{margin-left: -15px !important;padding-left: 0px !important;}&#8221;][\/vc_column][vc_column width=&#8221;3\/4&#8243;][vc_row_inner][vc_column_inner width=&#8221;3\/4&#8243;][vc_empty_space][vc_column_text] Prof. Dr. Ioan S\u00eerbu [\/vc_column_text][vc_separator<\/p>\n","protected":false},"author":1,"featured_media":0,"parent":0,"menu_order":0,"comment_status":"closed","ping_status":"closed","template":"","meta":{"_acf_changed":false,"_monsterinsights_skip_tracking":false,"_monsterinsights_sitenote_active":false,"_monsterinsights_sitenote_note":"","_monsterinsights_sitenote_category":0,"footnotes":""},"class_list":["post-2382","page","type-page","status-publish","hentry"],"acf":[],"yoast_head":"<!-- This site is optimized with the Yoast SEO plugin v27.0 - https:\/\/yoast.com\/product\/yoast-seo-wordpress\/ -->\n<title>Prof. Dr. Ioan S\u00eerbu<\/title>\n<meta name=\"robots\" content=\"index, follow, max-snippet:-1, max-image-preview:large, max-video-preview:-1\" \/>\n<link rel=\"canonical\" href=\"https:\/\/ictn.ro\/ro\/prof-dr-ioan-sirbu\/\" \/>\n<meta property=\"og:locale\" content=\"ro_RO\" \/>\n<meta property=\"og:locale:alternate\" content=\"en_US\" \/>\n<meta property=\"og:type\" content=\"article\" \/>\n<meta property=\"og:title\" content=\"Prof. Dr. Ioan S\u00eerbu\" \/>\n<meta property=\"og:description\" content=\"[vc_row full_width=&#8221;stretch_row_content&#8221; css=&#8221;.vc_custom_1651825914703{background-color: #dfdfdf !important;}&#8221;][vc_column width=&#8221;1\/4&#8243;][vc_single_image image=&#8221;2348&#8243; img_size=&#8221;full&#8221; css=&#8221;.vc_custom_1658833174192{margin-left: -15px !important;padding-left: 0px !important;}&#8221;][\/vc_column][vc_column width=&#8221;3\/4&#8243;][vc_row_inner][vc_column_inner width=&#8221;3\/4&#8243;][vc_empty_space][vc_column_text] Prof. Dr. Ioan S\u00eerbu [\/vc_column_text][vc_separator\" \/>\n<meta property=\"og:url\" content=\"https:\/\/ictn.ro\/ro\/prof-dr-ioan-sirbu\/\" \/>\n<meta property=\"og:site_name\" content=\"Congres ICTN\" \/>\n<meta property=\"article:modified_time\" content=\"2022-07-26T11:05:51+00:00\" \/>\n<meta name=\"twitter:card\" content=\"summary_large_image\" \/>\n<meta name=\"twitter:label1\" content=\"Timp estimat pentru citire\" \/>\n\t<meta name=\"twitter:data1\" content=\"2 minute\" \/>\n<script type=\"application\/ld+json\" class=\"yoast-schema-graph\">{\"@context\":\"https:\/\/schema.org\",\"@graph\":[{\"@type\":\"WebPage\",\"@id\":\"https:\/\/ictn.ro\/prof-dr-ioan-sirbu\/\",\"url\":\"https:\/\/ictn.ro\/prof-dr-ioan-sirbu\/\",\"name\":\"Prof. Dr. Ioan S\u00eerbu\",\"isPartOf\":{\"@id\":\"https:\/\/ictn.ro\/#website\"},\"datePublished\":\"2022-07-26T11:03:04+00:00\",\"dateModified\":\"2022-07-26T11:05:51+00:00\",\"breadcrumb\":{\"@id\":\"https:\/\/ictn.ro\/prof-dr-ioan-sirbu\/#breadcrumb\"},\"inLanguage\":\"ro-RO\",\"potentialAction\":[{\"@type\":\"ReadAction\",\"target\":[\"https:\/\/ictn.ro\/prof-dr-ioan-sirbu\/\"]}]},{\"@type\":\"BreadcrumbList\",\"@id\":\"https:\/\/ictn.ro\/prof-dr-ioan-sirbu\/#breadcrumb\",\"itemListElement\":[{\"@type\":\"ListItem\",\"position\":1,\"name\":\"Prima pagin\u0103\",\"item\":\"https:\/\/ictn.ro\/\"},{\"@type\":\"ListItem\",\"position\":2,\"name\":\"Prof. Dr. Ioan S\u00eerbu\"}]},{\"@type\":\"WebSite\",\"@id\":\"https:\/\/ictn.ro\/#website\",\"url\":\"https:\/\/ictn.ro\/\",\"name\":\"Congres ICTN\",\"description\":\"Congres Implant Connected to Nature\",\"potentialAction\":[{\"@type\":\"SearchAction\",\"target\":{\"@type\":\"EntryPoint\",\"urlTemplate\":\"https:\/\/ictn.ro\/?s={search_term_string}\"},\"query-input\":{\"@type\":\"PropertyValueSpecification\",\"valueRequired\":true,\"valueName\":\"search_term_string\"}}],\"inLanguage\":\"ro-RO\"}]}<\/script>\n<!-- \/ Yoast SEO plugin. -->","yoast_head_json":{"title":"Prof. Dr. Ioan S\u00eerbu","robots":{"index":"index","follow":"follow","max-snippet":"max-snippet:-1","max-image-preview":"max-image-preview:large","max-video-preview":"max-video-preview:-1"},"canonical":"https:\/\/ictn.ro\/ro\/prof-dr-ioan-sirbu\/","og_locale":"ro_RO","og_type":"article","og_title":"[:en]Prof. Dr. Ioan S\u00eerbu[:ro]Prof. Dr. Ioan S\u00eerbu[:] - Congres ICTN","og_description":"[vc_row full_width=&#8221;stretch_row_content&#8221; css=&#8221;.vc_custom_1651825914703{background-color: #dfdfdf !important;}&#8221;][vc_column width=&#8221;1\/4&#8243;][vc_single_image image=&#8221;2348&#8243; img_size=&#8221;full&#8221; css=&#8221;.vc_custom_1658833174192{margin-left: -15px !important;padding-left: 0px !important;}&#8221;][\/vc_column][vc_column width=&#8221;3\/4&#8243;][vc_row_inner][vc_column_inner width=&#8221;3\/4&#8243;][vc_empty_space][vc_column_text] Prof. Dr. Ioan S\u00eerbu [\/vc_column_text][vc_separator","og_url":"https:\/\/ictn.ro\/ro\/prof-dr-ioan-sirbu\/","og_site_name":"Congres ICTN","article_modified_time":"2022-07-26T11:05:51+00:00","twitter_card":"summary_large_image","twitter_misc":{"Timp estimat pentru citire":"2 minute"},"schema":{"@context":"https:\/\/schema.org","@graph":[{"@type":"WebPage","@id":"https:\/\/ictn.ro\/prof-dr-ioan-sirbu\/","url":"https:\/\/ictn.ro\/prof-dr-ioan-sirbu\/","name":"Prof. Dr. Ioan S\u00eerbu","isPartOf":{"@id":"https:\/\/ictn.ro\/#website"},"datePublished":"2022-07-26T11:03:04+00:00","dateModified":"2022-07-26T11:05:51+00:00","breadcrumb":{"@id":"https:\/\/ictn.ro\/prof-dr-ioan-sirbu\/#breadcrumb"},"inLanguage":"ro-RO","potentialAction":[{"@type":"ReadAction","target":["https:\/\/ictn.ro\/prof-dr-ioan-sirbu\/"]}]},{"@type":"BreadcrumbList","@id":"https:\/\/ictn.ro\/prof-dr-ioan-sirbu\/#breadcrumb","itemListElement":[{"@type":"ListItem","position":1,"name":"Prima pagin\u0103","item":"https:\/\/ictn.ro\/"},{"@type":"ListItem","position":2,"name":"Prof. Dr. Ioan S\u00eerbu"}]},{"@type":"WebSite","@id":"https:\/\/ictn.ro\/#website","url":"https:\/\/ictn.ro\/","name":"Congres ICTN","description":"Congres Implant Connected to Nature","potentialAction":[{"@type":"SearchAction","target":{"@type":"EntryPoint","urlTemplate":"https:\/\/ictn.ro\/?s={search_term_string}"},"query-input":{"@type":"PropertyValueSpecification","valueRequired":true,"valueName":"search_term_string"}}],"inLanguage":"ro-RO"}]}},"_links":{"self":[{"href":"https:\/\/ictn.ro\/ro\/wp-json\/wp\/v2\/pages\/2382","targetHints":{"allow":["GET"]}}],"collection":[{"href":"https:\/\/ictn.ro\/ro\/wp-json\/wp\/v2\/pages"}],"about":[{"href":"https:\/\/ictn.ro\/ro\/wp-json\/wp\/v2\/types\/page"}],"author":[{"embeddable":true,"href":"https:\/\/ictn.ro\/ro\/wp-json\/wp\/v2\/users\/1"}],"replies":[{"embeddable":true,"href":"https:\/\/ictn.ro\/ro\/wp-json\/wp\/v2\/comments?post=2382"}],"version-history":[{"count":3,"href":"https:\/\/ictn.ro\/ro\/wp-json\/wp\/v2\/pages\/2382\/revisions"}],"predecessor-version":[{"id":2386,"href":"https:\/\/ictn.ro\/ro\/wp-json\/wp\/v2\/pages\/2382\/revisions\/2386"}],"wp:attachment":[{"href":"https:\/\/ictn.ro\/ro\/wp-json\/wp\/v2\/media?parent=2382"}],"curies":[{"name":"wp","href":"https:\/\/api.w.org\/{rel}","templated":true}]}}