{"id":146,"date":"2019-02-27T09:08:46","date_gmt":"2019-02-27T09:08:46","guid":{"rendered":"http:\/\/ictn.ro\/?page_id=146"},"modified":"2019-02-27T09:08:46","modified_gmt":"2019-02-27T09:08:46","slug":"politica-de-confidentialitate-2","status":"publish","type":"page","link":"https:\/\/ictn.ro\/ro\/politica-de-confidentialitate-2\/","title":{"rendered":"Politic\u0103 de confiden\u021bialitate"},"content":{"rendered":"<h2>Introducere<\/h2>\n<p>Prezenta politic\u0103 se aplic\u0103 site-urilor, aplica\u021biei, produselor sau serviciilor noastre care fac trimitere la aceast\u0103 politic\u0103 sau care nu au o politic\u0103 de confiden\u021bialitate separat\u0103 (denumite colectiv \u201eserviciile\u201d noastre) oferite de Asociatia Societatea Romana de Stiinte Dentare (ASRSD) str. Calusei 7, cam. 101, Sector 2, cod postal 021351, Bucure\u0219ti, Rom\u00e2nia<br \/>\nScopul prezentei politici de confiden\u021bialitate este de a oferi o mai bun\u0103 \u00een\u021belegere cu privire la urm\u0103toarele aspecte:<br \/>\n\u2022 informa\u021biile pe care le colect\u0103m;<br \/>\n\u2022 cum folosim informa\u021biile respective;<br \/>\n\u2022 cum sunt partajate aceste informa\u021bii;<br \/>\n\u2022 drepturile tale;<br \/>\n\u2022 alte chestiuni utile asociate cu confiden\u021bialitatea \u0219i securitatea.<\/p>\n<h2>Informa\u021biile pe care le colect\u0103m<\/h2>\n<p>C\u00e2nd folose\u0219ti serviciile noastre, colect\u0103m urm\u0103toarele tipuri de informa\u021bii:<\/p>\n<h2>Informa\u021bii pe care ni le furnizezi:<\/h2>\n<p>Colect\u0103m informa\u021bii despre tine \u00een timpul procesului de \u00eenregistrare a contului pentru oricare dintre serviciile noastre. Aceste informa\u021bii pot include, dar nu sunt limitate la, numele t\u0103u, adresa po\u0219tal\u0103, adresa de e-mail, num\u0103rul de telefon, detaliile despre cardul de credit\/debit \u0219i orice alte detalii care \u00ee\u021bi pot fi solicitate \u00een scopul \u00eenregistr\u0103rii \u0219i\/sau continu\u0103rii utiliz\u0103rii serviciilor noastre.<br \/>\nDe asemenea, putem colecta informa\u021bii de la tine dac\u0103 solici\u021bi informa\u021bii sau asisten\u021b\u0103 pentru clien\u021bi sau membri.<br \/>\nInforma\u021bii suplimentare colectate:<br \/>\nDe asemenea, putem colecta urm\u0103toarele informa\u021bii:<br \/>\n1. numele, datele de contact \u0219i mesajul dac\u0103 dore\u0219ti s\u0103 ne contactezi sau s\u0103 participi la un sondaj, un concurs sau o promo\u021bie;<br \/>\n2. detalii precum informa\u021biile despre trafic, date de localizare \u0219i alte date de comunica\u021bii (inclusiv adresa de IP \u0219i tipul de browser) colectate prin folosirea serviciilor de c\u0103tre tine;<br \/>\n3. informa\u021bii despre dispozitiv, inclusiv dispozitivul unic identificat;<br \/>\n4. paginile vizitate \u0219i con\u021binutul vizualizat, linkurile \u0219i butoanele accesate, URL-urile vizitate \u00eenainte \u0219i dup\u0103 folosirea serviciului nostru. Pentru mai multe informa\u021bii despre modulele cookie \u0219i modul de gestionare a acestora, consult\u0103 Politica noastr\u0103 privind modulele cookie;<br \/>\n5. r\u0103spunsul t\u0103u la campaniile de marketing din partea noastr\u0103 sau prin ter\u021bi, adic\u0103 deschidere\/clic pe astfel de e-mailuri;<br \/>\n6. detalii despre profilul t\u0103u de pe re\u021belele de socializare (numele, fotografia de profil \u0219i alte informa\u021bii pe care ni le pui la dispozi\u021bie) c\u00e2nd te conectezi la sau ne contactezi printr-un cont de pe o re\u021bea de socializare;<br \/>\n7. informa\u021bii derivate, bazate pe activitatea de creare de profiluri (a se vedea mai jos);<br \/>\n8. informa\u021bii din baze de date ale ter\u021bilor, cu scopul de a ne respecta obliga\u021biile legale \u0219i de reglementare.<\/p>\n<h2>Surse ter\u021be \u0219i publice<\/h2>\n<p>Nu toate informa\u021biile cu caracter personal pe care le de\u021binem despre tine vor proveni \u00eentotdeauna direct de la tine. Putem colecta informa\u021bii \u0219i de la ter\u021bi, cum ar fi partenerii no\u0219tri, furnizorii de servicii \u0219i site-urile publice (adic\u0103 platformele re\u021belelor de socializare), cu scopul de a ne respecta obliga\u021biile legale \u0219i de reglementare, de a oferi servicii pe care le consider\u0103m de interes, de a ne ajuta s\u0103 men\u021binem precizia datelor \u0219i de a furniza \u0219i \u00eembun\u0103t\u0103\u021bi serviciile.<\/p>\n<h2>Colectarea modulelor cookie<\/h2>\n<p>Colect\u0103m informa\u021bii despre browser \u0219i modulele cookie c\u00e2nd navighezi pentru prima dat\u0103 pe site-urile noastre. Folosim module cookie pentru a-\u021bi oferi o mai bun\u0103 experien\u021b\u0103 de client \u0219i pentru utilizarea accesului. Anumite module cookie \u00ee\u021bi vor permite s\u0103 p\u0103r\u0103se\u0219ti \u0219i s\u0103 intri din nou pe site-urile noastre, f\u0103r\u0103 s\u0103 reintroduci parola. Acestea vor fi monitorizate de un server web. Pentru mai multe informa\u021bii despre utilizarea modulelor cookie, modul \u00een care po\u021bi controla utilizarea acestora \u0219i informa\u021bii referitoare la publicitatea bazat\u0103 pe internet \u0219i pe mobil, consult\u0103 politica noastr\u0103 privind modulele cookie.<\/p>\n<h2>Cum folosim aceste informa\u021bii<\/h2>\n<p>Prelucr\u0103m informa\u021biile cu caracter personal \u00een urm\u0103toarele scopuri legate de servicii \u0219i de activit\u0103\u021bile comerciale:<br \/>\n\u2022 Configurarea, verificarea \u0219i gestionarea contului: Folosim informa\u021bii cu caracter personal, cum ar fi numele, adresa de e-mail, num\u0103rul de telefon, precum \u0219i informa\u021bii despre dispozitivul t\u0103u pentru configurarea \u0219i administrarea contului, furnizarea asisten\u021bei tehnice \u0219i pentru clien\u021bi \u0219i a instruirii, verificarea identit\u0103\u021bii tale, prelucrarea informa\u021biilor de plat\u0103 \u0219i transmiterea informa\u021biilor importante despre cont \u0219i servicii.Prelucrarea de mai sus este necesar\u0103 pentru ca noi s\u0103-\u021bi furniz\u0103m serviciile conform termenilor \u0219i condi\u021biilor.De asemenea, putem utiliza informa\u021biile cu caracter personal pentru a pune \u00een aplicare termenii \u0219i condi\u021biile noastre.<br \/>\n\u2022 Marketing \u0219i evenimente: Sub rezerva oric\u0103ror preferin\u021be pe care le-ai exprimat (dac\u0103 este cazul), folosim informa\u021biile cu caracter personal pentru a-\u021bi transmite comunic\u0103ri de marketing \u0219i legate de evenimente pe diverse platforme, precum e-mailul, telefonul, mesajele text, e-mailul direct, online, sau altfel. Vom face acest lucru \u00een perioada rela\u021biei tale cu noi \u0219i, dac\u0103 nu primim alte instruc\u021biuni de la tine, pe o perioad\u0103 de timp rezonabil\u0103 dup\u0103 ce rela\u021bia s-a \u00eencheiat, pentru a te informa cu privire la produsele, serviciile, promo\u021biile \u0219i ofertele speciale de care credem c\u0103 ai putea fi interesat.Dac\u0103 \u00ee\u021bi trimitem un e-mail sau un SMS de marketing, acesta va con\u021bine instruc\u021biuni despre cum po\u021bi s\u0103 renun\u021bi pe viitor la aceste comunic\u0103ri de marketing. De asemenea, po\u021bi s\u0103 \u00ee\u021bi gestionezi informa\u021biile \u0219i s\u0103 \u00ee\u021bi actualizezi preferin\u021bele de marketing acces\u00e2nd pagina \u201eContul meu\u201d atunci c\u00e2nd te conectezi la contul t\u0103u. Te rug\u0103m s\u0103 a\u0219tep\u021bi cel mult 48 de ore p\u00e2n\u0103 la procesarea complet\u0103 a oric\u0103ror modific\u0103ri pe care le aduci preferin\u021belor tale de marketing. Te rug\u0103m s\u0103 re\u021bii c\u0103, chiar dac\u0103 renun\u021bi la primirea e-mailurilor de marketing, este posibil s\u0103 \u00ee\u021bi trimitem \u00een continuare informa\u021bii importante despre servicii legate de conturile \u0219i abonamentele tale.De asemenea, majoritatea browserelor \u0219i aplica\u021biilor \u00ee\u021bi permit s\u0103 controlezi set\u0103rile de notificare. Te rug\u0103m s\u0103 consul\u021bi set\u0103rile browserului\/aplica\u021biei pentru detalii complete.Din c\u00e2nd \u00een c\u00e2nd, \u00ee\u021bi vom trimite materiale de marketing care te pot interesa \u00een mod deosebit. Aceste mesaje de marketing \u00ee\u021bi vor furniza informa\u021bii despre produsele, serviciile, promo\u021biile sau ofertele active pe care \u021bi le punem la dispozi\u021bie.Cu excep\u021bia cazului \u00een care \u00ee\u021bi folosim datele cu caracter personal \u00een scopuri de marketing pe baza consim\u021b\u0103m\u00e2ntului t\u0103u prealabil \u00een scris \u0219i sub rezerva oric\u0103ror preferin\u021be de renun\u021bare pe care ni le faci cunoscute cu privire la comunic\u0103rile electronice de marketing direct, \u00ee\u021bi prelucr\u0103m datele cu caracter personal \u00een scopuri de marketing, dup\u0103 caz, \u00een scopul intereselor noastre legitime de a ne promova produsele \u0219i serviciile.<br \/>\n\u2022 Anchete \u0219i sondaje de opinie: Dac\u0103 alegi s\u0103 participi la o anchet\u0103 sau la un sondaj de opinie, orice informa\u021bii cu caracter personal pe care le furnizezi pot fi utilizate \u00een scopuri de marketing sau de cercetare a pie\u021bei, \u00een conformitate cu interesele noastre legitime.<br \/>\n\u2022 Obliga\u021bii legale \u0219i de reglementare: Este posibil s\u0103 ni se solicite s\u0103 folosim \u0219i s\u0103 p\u0103str\u0103m informa\u021bii cu caracter personal \u00een scopuri legale \u0219i de conformitate, precum prevenirea, detectarea sau investigarea unei infrac\u021biuni ori fraude. De asemenea, este posibil s\u0103 utiliz\u0103m informa\u021bii cu caracter personal pentru a ne \u00eendeplini cerin\u021bele de audit intern \u0219i extern, \u00een scopuri de securitate a informa\u021biilor \u0219i dup\u0103 cum vom considera necesar sau adecvat: (a) \u00een temeiul legisla\u021biei aplicabile, care poate include legi din afara \u021b\u0103rii tale de re\u0219edin\u021b\u0103 \u0219i (b) pentru a r\u0103spunde solicit\u0103rilor instan\u021belor de judecat\u0103, agen\u021biilor de aplicare a legii, agen\u021biilor de reglementare \u0219i altor autorit\u0103\u021bi publice \u0219i guvernamentale, care pot include astfel de autorit\u0103\u021bi din afara \u021b\u0103rii tale de re\u0219edin\u021b\u0103.<br \/>\n\u2022 Alte scopuri: Este posibil s\u0103 ni se solicite s\u0103 folosim \u0219i s\u0103 p\u0103str\u0103m informa\u021bii cu caracter personal pentru prevenirea pierderilor \u0219i pentru a proteja drepturile, confiden\u021bialitatea, siguran\u021ba sau bunurile proprii sau pe cele ale altor persoane, \u00een conformitate cu interesele noastre legitime.<\/p>\n<h2>Cum sunt partajate aceste informa\u021bii<\/h2>\n<p>\u00cen cadrul ASRSD:<br \/>\nASRSD poate utiliza \u0219i partaja, informa\u021biile pe care le furnizezi \u0219i alte informa\u021bii pe care le de\u021bine despre tine, \u00een urm\u0103toarele scopuri:<br \/>\n\u2022 Configurarea, verificarea \u0219i gestionarea contului;<br \/>\n\u2022 Marketing \u0219i evenimente;<br \/>\n\u2022 Obliga\u021bii legale \u0219i de reglementare.<br \/>\nFurnizorii de servicii ter\u021bi \u0219i partenerii no\u0219tri:<br \/>\nDin c\u00e2nd \u00een c\u00e2nd, grupul poate s\u0103 re\u021bin\u0103 ter\u021bi de \u00eencredere care s\u0103 prelucreze informa\u021biile tale cu caracter personal, pentru a ne furniza servicii, inclusiv, tehnologia informa\u021biei, pl\u0103\u021bi, marketing, analiza datelor, cercetare \u0219i sondaje. Ca parte din acordurile noastre cu partenerii, este posibil s\u0103 ni se solicite s\u0103 partaj\u0103m informa\u021biile tale \u00een scopurile calcul\u0103rii comisioanelor \u0219i a beneficiilor datorate.<br \/>\nTer\u021bi din motive legale:<br \/>\nVom partaja informa\u021bii cu caracter personal \u00een situa\u021biile \u00een care consider\u0103m c\u0103 este necesar acest lucru, cum ar fi:<br \/>\n\u2022 Pentru a ne conforma obliga\u021biilor legale \u0219i a r\u0103spunde solicit\u0103rilor din partea agen\u021biilor guvernamentale, inclusiv autorit\u0103\u021bile de aplicare a legii \u0219i alte autorit\u0103\u021bi publice, care pot include astfel de autorit\u0103\u021bi din afara \u021b\u0103rii tale de re\u0219edin\u021b\u0103;<br \/>\n\u2022 \u00cen caz de fuziune, v\u00e2nzare, restructurare, achizi\u021bie, asociere \u00een participa\u021biune, cesiune, transfer sau alt\u0103 dispozi\u021bie a activit\u0103\u021bii, activelor sau ac\u021biunilor noastre, integral sau par\u021bial (inclusiv \u00een leg\u0103tur\u0103 cu orice proceduri de faliment sau de natur\u0103 similar\u0103);<br \/>\n\u2022 Pentru a ne proteja drepturile, utilizatorii, sistemele \u0219i serviciile.<br \/>\nDrepturile tale<br \/>\n\u00cen temeiul Regulamentului general privind protec\u021bia datelor, \u00een calitate de persoan\u0103 vizat\u0103, aveti o serie de drepturi, care sunt detaliate mai jos. Unele dintre acestea se aplic\u0103 numai \u00een situa\u021bii specifice \u0219i sunt calificate sub anumite aspecte prin derog\u0103ri \u00een legisla\u021bia privind protec\u021bia datelor. Te vom informa \u00een r\u0103spunsul nostru la solicitarea ta dac\u0103 ne baz\u0103m pe orice derog\u0103ri de acest tip.<br \/>\n\u2022 Accesul la datele cu caracter personal: Ai dreptul s\u0103 solici\u021bi o copie a informa\u021biilor cu caracter personal pe care le de\u021binem despre tine. Dac\u0103 dore\u0219ti s\u0103 faci o astfel de solicitare, consult\u0103 sec\u021biunea contact pentru informa\u021bii despre modul \u00een care ne po\u021bi contacta.<br \/>\nTrebuie s\u0103 incluzi informa\u021bii adecvate pentru a te identifica \u0219i orice alte date relevante care ne vor ajuta \u00een mod rezonabil s\u0103-\u021bi \u00eendeplinim solicitarea. Solicitarea ta va fi procesat\u0103 \u00een cel mai scurt timp posibil.<br \/>\n\u2022 Corectarea datelor cu caracter personal: Ne po\u021bi solicita s\u0103 rectific\u0103m sau s\u0103 corect\u0103m orice date cu caracter personal pe care le prelucr\u0103m despre tine \u0219i care sunt incorecte. \u00ce\u021bi punem la dispozi\u021bie set\u0103ri de cont \u0219i instrumente pentru a accesa informa\u021biile asociate cu contul t\u0103u.<br \/>\n\u2022 Dreptul de retragere a consim\u021b\u0103m\u00e2ntului: \u00cen cazul \u00een care ne baz\u0103m pe consim\u021b\u0103m\u00e2ntul t\u0103u pentru a-\u021bi prelucra datele cu caracter personal, ai dreptul s\u0103-\u021bi retragi consim\u021b\u0103m\u00e2ntul respectiv.<br \/>\nPentru a renun\u021ba la comunic\u0103rile de marketing, po\u021bi folosi linkul de dezabonare inclus \u00een comunic\u0103rile de marketing pe care le prime\u0219ti de la noi.<br \/>\n\u2022 Dreptul la \u0219tergere: Ne po\u021bi solicita s\u0103-\u021bi \u0219tergem datele cu caracter personal c\u00e2nd nu exist\u0103 niciun motiv \u00eentemeiat pentru continuarea prelucr\u0103rii. Acest drept se aplic\u0103 numai \u00een anumite situa\u021bii, nefiind un drept garantat sau absolut.<br \/>\n\u2022 Dreptul la portabilitatea datelor: Acest drept \u00ee\u021bi permite s\u0103-\u021bi ob\u021bii datele cu caracter personal, pe care ni le-ai furnizat cu consim\u021b\u0103m\u00e2ntul t\u0103u sau care ne-au fost necesare pentru a-\u021bi furniza produsele \u0219i serviciile noastre, \u00eentr-un format care \u00ee\u021bi permite s\u0103 transferi respectivele date cu caracter personal c\u0103tre alt\u0103 organiza\u021bie. Po\u021bi avea dreptul de ne solicita s\u0103-\u021bi transfer\u0103m datele cu caracter personal direct c\u0103tre cealalt\u0103 organiza\u021bie, dac\u0103 acest lucru este fezabil din punct de vedere tehnic.<br \/>\n\u2022 Dreptul de a restric\u021biona prelucrarea datelor cu caracter personal: \u00cen anumite situa\u021bii, ai dreptul de a ne solicita s\u0103 suspend\u0103m prelucrarea datelor tale cu caracter personal. C\u00e2nd suspend\u0103m prelucrarea datelor tale cu caracter personal, ni se va permite \u00een continuare s\u0103-\u021bi stoc\u0103m datele cu caracter personal, dar pentru orice alt\u0103 prelucrare a acestor informa\u021bii va fi necesar consim\u021b\u0103m\u00e2ntul t\u0103u, sub rezerva anumitor derog\u0103ri.<br \/>\n\u2022 Dreptul de a te opune prelucr\u0103rii datelor cu caracter personal: Ai dreptul s\u0103 te opui utiliz\u0103rii de c\u0103tre noi a datelor tale cu caracter personal care sunt prelucrate \u00een baza intereselor noastre legitime. Cu toate acestea, putem s\u0103 \u00ee\u021bi prelucr\u0103m \u00een continuare datele cu caracter personal, \u00een pofida opunerii tale, c\u00e2nd exist\u0103 motive legitime \u00eentemeiate s\u0103 proced\u0103m astfel sau c\u00e2nd trebuie s\u0103-\u021bi prelucr\u0103m datele cu caracter personal \u00een leg\u0103tur\u0103 cu orice ac\u021biune \u00een justi\u021bie.<br \/>\n\u2022 Drepturi legate de procesul decizional automatizat \u0219i crearea de profiluri: Ai dreptul de a nu te supune unei decizii care se bazeaz\u0103 exclusiv pe prelucrarea automatizat\u0103 (f\u0103r\u0103 implicare uman\u0103), c\u00e2nd respectiva decizie produce un efect legal sau te afecteaz\u0103 semnificativ \u00een alt mod. Acest drept \u00eenseamn\u0103 c\u0103 ne po\u021bi solicita s\u0103 implic\u0103m unul dintre angaja\u021bii sau reprezentan\u021bii no\u0219tri \u00een procesul decizional. Suntem mul\u021bumi\u021bi c\u0103 nu lu\u0103m decizii automatizate de acest fel.<\/p>\n<h2>Cum s\u0103 ne contactezi<\/h2>\n<p>Pentru orice solicit\u0103ri legate de informa\u021biile tale cu caracter personal sau oricare dintre drepturile sus-men\u021bionate, te rug\u0103m s\u0103 ne contactezi \u00een unul dintre urm\u0103toarele moduri:<br \/>\nE-mail: dpo@srsd.eu<\/p>\n<p>Prin po\u0219t\u0103: Asocia\u021bia Societatea Romana de Stiinte Dentare \u2013 in atentia DPO, str. Calusei 7, cam. 101, Sector 2, cod postal 021351, Bucure\u0219ti, Rom\u00e2nia<br \/>\nDepunerea unei pl\u00e2ngeri<br \/>\nDac\u0103 nu e\u0219ti mul\u021bumit cu modul \u00een care \u00ee\u021bi gestion\u0103m datele cu caracter personal, ai dreptul s\u0103 depui o pl\u00e2ngere la autoritatea local\u0103 pentru protec\u021bia datelor.<\/p>\n<p>Alte chestiuni utile asociate cu confiden\u021bialitatea \u0219i securitatea datelor<\/p>\n<h2>P\u0103strarea<\/h2>\n<p>P\u0103str\u0103m datele cu caracter personal at\u00e2t timp c\u00e2t avem nevoie de ele \u00een mod rezonabil, \u00een scopuri legale \u0219i comerciale. Te rug\u0103m s\u0103 re\u021bii c\u0103, \u00een anumite situa\u021bii, ni se poate solicita s\u0103-\u021bi p\u0103str\u0103m informa\u021biile pe o perioad\u0103 nedeterminat\u0103. Vom lua toate m\u0103surile necesare pentru a asigura men\u021binerea confiden\u021bialit\u0103\u021bii informa\u021biilor pe perioada p\u0103str\u0103rii acestora.<\/p>\n<h2>Securitatea<\/h2>\n<p>Recunoa\u0219tem c\u0103 securitatea online \u0219i protec\u021bia datelor este un domeniu de importan\u021b\u0103 vital\u0103 pentru to\u021bi clien\u021bii no\u0219tri, a\u0219a c\u0103 pentru noi este important ca tu s\u0103 ai \u00eencredere \u00een securitatea detaliilor tale personale \u00eenainte de \u00eenregistrarea unui cont. Ne angaj\u0103m s\u0103 utiliz\u0103m m\u0103suri de securitate pentru a-\u021bi proteja informa\u021biile \u00eempotriva acces\u0103rii de c\u0103tre persoane neautorizate \u0219i pentru a preveni prelucrarea, dezv\u0103luirea, distrugerea, pierderea, modificarea \u0219i deteriorarea accidental\u0103 sau ilicit\u0103. Solu\u021biile noastre de securitate tehnologic\u0103 sunt foarte avansate \u0219i sunt reglementate de un cadru solid. Abordarea noastr\u0103 se concentreaz\u0103 pe prevenirea riscurilor. Pentru a ne ajuta \u00een aceast\u0103 privin\u021b\u0103, utiliz\u0103m pseudonimizarea \u0219i criptarea ori de c\u00e2te ori este posibil, pentru a reduce impactul oric\u0103ror eventuale accidente. Deoarece securitatea anumitor comunic\u0103ri prin intermediul internetului nu este asigurat\u0103 complet, nu putem garanta securitatea informa\u021biilor pe care le divulgi folosind conexiunea la internet. Accep\u021bi implica\u021biile inerente \u00een materie de securitate \u00een momentul \u00een care folose\u0219ti internetul, iar ASRSD nu va accepta nicio r\u0103spundere pentru niciun fel de pierderi sau daune directe, de consecin\u021b\u0103, accidentale, indirecte sau punitive care apar dintr-o astfel de situa\u021bie.<\/p>\n","protected":false},"excerpt":{"rendered":"<p>Introducere Prezenta politic\u0103 se aplic\u0103 site-urilor, aplica\u021biei, produselor sau serviciilor noastre care fac trimitere la aceast\u0103 politic\u0103 sau care nu<\/p>\n","protected":false},"author":1,"featured_media":0,"parent":0,"menu_order":0,"comment_status":"closed","ping_status":"closed","template":"","meta":{"_acf_changed":false,"_monsterinsights_skip_tracking":false,"_monsterinsights_sitenote_active":false,"_monsterinsights_sitenote_note":"","_monsterinsights_sitenote_category":0,"footnotes":""},"class_list":["post-146","page","type-page","status-publish","hentry"],"acf":[],"yoast_head":"<!-- This site is optimized with the Yoast SEO plugin v27.0 - https:\/\/yoast.com\/product\/yoast-seo-wordpress\/ -->\n<title>Politic\u0103 de confiden\u021bialitate - Congres ICTN<\/title>\n<meta name=\"robots\" content=\"index, follow, max-snippet:-1, max-image-preview:large, max-video-preview:-1\" \/>\n<link rel=\"canonical\" href=\"https:\/\/ictn.ro\/ro\/politica-de-confidentialitate-2\/\" \/>\n<meta property=\"og:locale\" content=\"ro_RO\" \/>\n<meta property=\"og:locale:alternate\" content=\"en_US\" \/>\n<meta property=\"og:type\" content=\"article\" \/>\n<meta property=\"og:title\" content=\"Politic\u0103 de confiden\u021bialitate - Congres ICTN\" \/>\n<meta property=\"og:description\" content=\"Introducere Prezenta politic\u0103 se aplic\u0103 site-urilor, aplica\u021biei, produselor sau serviciilor noastre care fac trimitere la aceast\u0103 politic\u0103 sau care nu\" \/>\n<meta property=\"og:url\" content=\"https:\/\/ictn.ro\/ro\/politica-de-confidentialitate-2\/\" \/>\n<meta property=\"og:site_name\" content=\"Congres ICTN\" \/>\n<meta name=\"twitter:card\" content=\"summary_large_image\" \/>\n<meta name=\"twitter:label1\" content=\"Timp estimat pentru citire\" \/>\n\t<meta name=\"twitter:data1\" content=\"13 minute\" \/>\n<script type=\"application\/ld+json\" class=\"yoast-schema-graph\">{\"@context\":\"https:\/\/schema.org\",\"@graph\":[{\"@type\":\"WebPage\",\"@id\":\"https:\/\/ictn.ro\/politica-de-confidentialitate-2\/\",\"url\":\"https:\/\/ictn.ro\/politica-de-confidentialitate-2\/\",\"name\":\"Politic\u0103 de confiden\u021bialitate - Congres ICTN\",\"isPartOf\":{\"@id\":\"https:\/\/ictn.ro\/#website\"},\"datePublished\":\"2019-02-27T09:08:46+00:00\",\"breadcrumb\":{\"@id\":\"https:\/\/ictn.ro\/politica-de-confidentialitate-2\/#breadcrumb\"},\"inLanguage\":\"ro-RO\",\"potentialAction\":[{\"@type\":\"ReadAction\",\"target\":[\"https:\/\/ictn.ro\/politica-de-confidentialitate-2\/\"]}]},{\"@type\":\"BreadcrumbList\",\"@id\":\"https:\/\/ictn.ro\/politica-de-confidentialitate-2\/#breadcrumb\",\"itemListElement\":[{\"@type\":\"ListItem\",\"position\":1,\"name\":\"Prima pagin\u0103\",\"item\":\"https:\/\/ictn.ro\/\"},{\"@type\":\"ListItem\",\"position\":2,\"name\":\"Politic\u0103 de confiden\u021bialitate\"}]},{\"@type\":\"WebSite\",\"@id\":\"https:\/\/ictn.ro\/#website\",\"url\":\"https:\/\/ictn.ro\/\",\"name\":\"Congres ICTN\",\"description\":\"Congres Implant Connected to Nature\",\"potentialAction\":[{\"@type\":\"SearchAction\",\"target\":{\"@type\":\"EntryPoint\",\"urlTemplate\":\"https:\/\/ictn.ro\/?s={search_term_string}\"},\"query-input\":{\"@type\":\"PropertyValueSpecification\",\"valueRequired\":true,\"valueName\":\"search_term_string\"}}],\"inLanguage\":\"ro-RO\"}]}<\/script>\n<!-- \/ Yoast SEO plugin. -->","yoast_head_json":{"title":"Politic\u0103 de confiden\u021bialitate - Congres ICTN","robots":{"index":"index","follow":"follow","max-snippet":"max-snippet:-1","max-image-preview":"max-image-preview:large","max-video-preview":"max-video-preview:-1"},"canonical":"https:\/\/ictn.ro\/ro\/politica-de-confidentialitate-2\/","og_locale":"ro_RO","og_type":"article","og_title":"Politic\u0103 de confiden\u021bialitate - Congres ICTN","og_description":"Introducere Prezenta politic\u0103 se aplic\u0103 site-urilor, aplica\u021biei, produselor sau serviciilor noastre care fac trimitere la aceast\u0103 politic\u0103 sau care nu","og_url":"https:\/\/ictn.ro\/ro\/politica-de-confidentialitate-2\/","og_site_name":"Congres ICTN","twitter_card":"summary_large_image","twitter_misc":{"Timp estimat pentru citire":"13 minute"},"schema":{"@context":"https:\/\/schema.org","@graph":[{"@type":"WebPage","@id":"https:\/\/ictn.ro\/politica-de-confidentialitate-2\/","url":"https:\/\/ictn.ro\/politica-de-confidentialitate-2\/","name":"Politic\u0103 de confiden\u021bialitate - Congres ICTN","isPartOf":{"@id":"https:\/\/ictn.ro\/#website"},"datePublished":"2019-02-27T09:08:46+00:00","breadcrumb":{"@id":"https:\/\/ictn.ro\/politica-de-confidentialitate-2\/#breadcrumb"},"inLanguage":"ro-RO","potentialAction":[{"@type":"ReadAction","target":["https:\/\/ictn.ro\/politica-de-confidentialitate-2\/"]}]},{"@type":"BreadcrumbList","@id":"https:\/\/ictn.ro\/politica-de-confidentialitate-2\/#breadcrumb","itemListElement":[{"@type":"ListItem","position":1,"name":"Prima pagin\u0103","item":"https:\/\/ictn.ro\/"},{"@type":"ListItem","position":2,"name":"Politic\u0103 de confiden\u021bialitate"}]},{"@type":"WebSite","@id":"https:\/\/ictn.ro\/#website","url":"https:\/\/ictn.ro\/","name":"Congres ICTN","description":"Congres Implant Connected to Nature","potentialAction":[{"@type":"SearchAction","target":{"@type":"EntryPoint","urlTemplate":"https:\/\/ictn.ro\/?s={search_term_string}"},"query-input":{"@type":"PropertyValueSpecification","valueRequired":true,"valueName":"search_term_string"}}],"inLanguage":"ro-RO"}]}},"_links":{"self":[{"href":"https:\/\/ictn.ro\/ro\/wp-json\/wp\/v2\/pages\/146","targetHints":{"allow":["GET"]}}],"collection":[{"href":"https:\/\/ictn.ro\/ro\/wp-json\/wp\/v2\/pages"}],"about":[{"href":"https:\/\/ictn.ro\/ro\/wp-json\/wp\/v2\/types\/page"}],"author":[{"embeddable":true,"href":"https:\/\/ictn.ro\/ro\/wp-json\/wp\/v2\/users\/1"}],"replies":[{"embeddable":true,"href":"https:\/\/ictn.ro\/ro\/wp-json\/wp\/v2\/comments?post=146"}],"version-history":[{"count":1,"href":"https:\/\/ictn.ro\/ro\/wp-json\/wp\/v2\/pages\/146\/revisions"}],"predecessor-version":[{"id":147,"href":"https:\/\/ictn.ro\/ro\/wp-json\/wp\/v2\/pages\/146\/revisions\/147"}],"wp:attachment":[{"href":"https:\/\/ictn.ro\/ro\/wp-json\/wp\/v2\/media?parent=146"}],"curies":[{"name":"wp","href":"https:\/\/api.w.org\/{rel}","templated":true}]}}