{"id":1092,"date":"2019-11-28T18:07:42","date_gmt":"2019-11-28T18:07:42","guid":{"rendered":"http:\/\/ictn.ro\/?page_id=1092"},"modified":"2024-11-23T13:50:16","modified_gmt":"2024-11-23T11:50:16","slug":"ictn2020-2","status":"publish","type":"page","link":"https:\/\/ictn.ro\/ro\/","title":{"rendered":"ictn2024"},"content":{"rendered":"<div class=\"wpb-content-wrapper\"><p>[vc_row full_width=&#8221;stretch_row_content_no_spaces&#8221; css=&#8221;.vc_custom_1706253010951{background-image: url(https:\/\/ictn.ro\/wp-content\/uploads\/2024\/01\/317304666_484318127132327_4506615120265219209_n.jpg?id=3024) !important;}&#8221;][vc_column offset=&#8221;vc_hidden-xs&#8221; css=&#8221;.vc_custom_1663835386367{margin-bottom: -20px !important;padding-bottom: -20px !important;}&#8221;][vc_empty_space height=&#8221;200px&#8221;][vc_row_inner css=&#8221;.vc_custom_1706253182213{padding-left: 42px !important;}&#8221;][vc_column_inner width=&#8221;1\/2&#8243; css=&#8221;.vc_custom_1707561358541{padding-left: 40px !important;background-color: rgba(255,255,255,0.7) !important;*background-color: rgb(255,255,255) !important;}&#8221;][vc_column_text css=&#8221;.vc_custom_1707561343821{margin-bottom: 0px !important;padding-bottom: 0px !important;}&#8221;]<\/p>\n<h2><span style=\"color: #000000;font-size: 56px\"><strong>21-22-23.11.2024<\/strong><\/span><\/h2>\n<p>[\/vc_column_text][vc_separator color=&#8221;custom&#8221; align=&#8221;align_left&#8221; el_width=&#8221;70&#8243; accent_color=&#8221;#ba2fb1&#8243;][vc_column_text css=&#8221;.vc_custom_1707828798731{margin-top: 0px !important;padding-top: 0px !important;}&#8221;]<\/p>\n<h1><span style=\"color: #000000\"><strong>Convention Center Timi\u0219oara<br \/>\nICTN XV th Edition<\/strong><\/span><\/h1>\n<p>[\/vc_column_text][\/vc_column_inner][vc_column_inner width=&#8221;1\/2&#8243;][\/vc_column_inner][\/vc_row_inner][vc_empty_space height=&#8221;200px&#8221;][\/vc_column][\/vc_row][vc_row full_width=&#8221;stretch_row_content_no_spaces&#8221; css=&#8221;.vc_custom_1717662981645{background-color: #cccccc !important;}&#8221;][vc_column offset=&#8221;vc_hidden-xs&#8221; css=&#8221;.vc_custom_1663835386367{margin-bottom: -20px !important;padding-bottom: -20px !important;}&#8221;][vc_single_image image=&#8221;3614&#8243; img_size=&#8221;full&#8221; alignment=&#8221;center&#8221; css=&#8221;&#8221;][\/vc_column][\/vc_row][vc_row full_width=&#8221;stretch_row_content_no_spaces&#8221; css=&#8221;.vc_custom_1717662981645{background-color: #cccccc !important;}&#8221;][vc_column width=&#8221;1\/3&#8243; offset=&#8221;vc_hidden-xs&#8221; css=&#8221;.vc_custom_1663835386367{margin-bottom: -20px !important;padding-bottom: -20px !important;}&#8221;][vc_single_image image=&#8221;3602&#8243; img_size=&#8221;full&#8221; alignment=&#8221;center&#8221; css=&#8221;&#8221;][\/vc_column][vc_column width=&#8221;1\/3&#8243;][vc_single_image image=&#8221;3603&#8243; img_size=&#8221;full&#8221; alignment=&#8221;center&#8221; css=&#8221;&#8221;][\/vc_column][vc_column width=&#8221;1\/3&#8243;][vc_single_image image=&#8221;3604&#8243; img_size=&#8221;full&#8221; alignment=&#8221;center&#8221; css=&#8221;&#8221;][\/vc_column][\/vc_row][vc_row full_width=&#8221;stretch_row_content_no_spaces&#8221; css=&#8221;.vc_custom_1707828969604{background-color: #f8f8f8 !important;}&#8221;][vc_column offset=&#8221;vc_hidden-xs&#8221; css=&#8221;.vc_custom_1663835386367{margin-bottom: -20px !important;padding-bottom: -20px !important;}&#8221;][vc_empty_space][vc_row_inner disable_element=&#8221;yes&#8221;][vc_column_inner width=&#8221;1\/3&#8243;]<div class=\"basel-button-wrapper text-center\"><a href=\"https:\/\/ictn.ro\/program-ictn-2022\/\" title=\"Bilete 2022\" class=\"btn btn-color-primary btn-style-default btn-size-large\">Schedule<\/a><\/div>[\/vc_column_inner][vc_column_inner width=&#8221;1\/3&#8243;]<div class=\"basel-button-wrapper text-center\"><a href=\"https:\/\/ictn.ro\/bilete\/\" title=\"Bilete 2022\" class=\"btn btn-color-alt btn-style-default btn-size-large\">Book Now<\/a><\/div>[\/vc_column_inner][vc_column_inner width=&#8221;1\/3&#8243;]<div class=\"basel-button-wrapper text-center\"><a href=\"https:\/\/ictn.ro\/lectori-2022\/\" title=\"Bilete 2022\" class=\"btn btn-color-primary btn-style-default btn-size-large\">Speakers<\/a><\/div>[\/vc_column_inner][\/vc_row_inner][\/vc_column][\/vc_row][vc_row full_width=&#8221;stretch_row_content_no_spaces&#8221;][vc_column offset=&#8221;vc_hidden-lg vc_hidden-md vc_hidden-sm&#8221;][vc_empty_space][vc_column_text css=&#8221;.vc_custom_1711170156184{padding-right: 6px !important;padding-left: 6px !important;}&#8221;]<\/p>\n<h2><span style=\"color: #000000\"><strong>21-22-23.11.2024<\/strong><\/span><\/h2>\n<p>[\/vc_column_text][vc_column_text css=&#8221;.vc_custom_1711170213588{margin-top: px !important;padding-top: px !important;padding-right: 6px !important;padding-left: 6px !important;}&#8221;]<\/p>\n<h1><span style=\"color: #000000\"><strong>ICTN XV th Edition<\/strong><\/span><\/h1>\n<h1><span style=\"color: #000000\">Convention Center Timi\u0219oara<strong><br \/>\n<\/strong><\/span><\/h1>\n<p>[\/vc_column_text][vc_empty_space][vc_single_image image=&#8221;3609&#8243; img_size=&#8221;full&#8221; css=&#8221;&#8221;][vc_column_text css=&#8221;.vc_custom_1711170069053{margin-bottom: 2px !important;padding-top: 12px !important;padding-bottom: 12px !important;background-color: #ba2fb2 !important;}&#8221;]<\/p>\n<h1 style=\"text-align: center\"><strong><a href=\"https:\/\/ictn.ro\/bilete\/\"><span style=\"color: #ffffff\">Book Now<\/span><\/a><\/strong><\/h1>\n<p>[\/vc_column_text][vc_column_text css=&#8221;.vc_custom_1711170078673{margin-bottom: 2px !important;padding-top: 12px !important;padding-bottom: 12px !important;background-color: #ba2fb2 !important;}&#8221;]<\/p>\n<h1 style=\"text-align: center\"><strong><a href=\"https:\/\/ictn.ro\/lectori-2024\/\"><span style=\"color: #ffffff\"> Speakers <\/span><\/a><\/strong><\/h1>\n<p>[\/vc_column_text][vc_column_text css=&#8221;.vc_custom_1711170061075{margin-bottom: 2px !important;padding-top: 12px !important;padding-bottom: 12px !important;background-color: #ba2fb2 !important;}&#8221;]<\/p>\n<h1 style=\"text-align: center\"><strong><a href=\"#\"><span style=\"color: #ffffff\">SCHEDULE<\/span><\/a><\/strong><\/h1>\n<p>[\/vc_column_text][vc_empty_space][\/vc_column][\/vc_row][vc_row disable_element=&#8221;yes&#8221;][vc_column][vc_empty_space height=&#8221;48px&#8221;][vc_column_text]<\/p>\n<h2 style=\"text-align: center\"><\/h2>\n<h2 style=\"text-align: center\">\u00censcrie-te p\u00e2n\u0103 la expirarea cronometrului.<\/h2>\n<p>[\/vc_column_text]\t\t\t<div class=\"basel-countdown-timer  color-scheme-light timer-align-center timer-size-large timer-style-base\">\n\t\t\t\t<div class=\"basel-timer\" data-end-date=\"2019\/09\/31\" data-timezone=\"GMT\"><\/div>\n\t\t\t<\/div>\n\t\t[vc_empty_space height=&#8221;48px&#8221;][\/vc_column][\/vc_row][vc_row full_width=&#8221;stretch_row&#8221; parallax=&#8221;content-moving&#8221; parallax_image=&#8221;175&#8243; disable_element=&#8221;yes&#8221; basel_parallax=&#8221;1&#8243;][vc_column][vc_empty_space height=&#8221;64px&#8221;][vc_empty_space height=&#8221;64px&#8221;][\/vc_column][\/vc_row][vc_row full_width=&#8221;stretch_row_content_no_spaces&#8221; css=&#8221;.vc_custom_1650052089047{background-color: #73c1c9 !important;}&#8221;][vc_column][vc_empty_space][vc_column_text css=&#8221;&#8221; basel_color_scheme=&#8221;light&#8221;]<\/p>\n<h1 style=\"text-align: center\">Implants Connected to Nature 2024<\/h1>\n<h3 style=\"text-align: center\">24 EMC points<\/h3>\n<p>[\/vc_column_text][vc_empty_space height=&#8221;64px&#8221;][vc_row_inner gap=&#8221;35&#8243; css=&#8221;.vc_custom_1578584039621{margin-right: 20px !important;margin-left: 20px !important;}&#8221;][vc_column_inner width=&#8221;1\/3&#8243;][vc_single_image image=&#8221;1648&#8243; img_size=&#8221;100&#215;100&#8243;][vc_column_text]<\/p>\n<h2><strong><span style=\"color: #ffffff\">Networking<\/span><\/strong><\/h2>\n<p><span style=\"color: #ffffff\">We&#8217;re expecting more than 500 attendees, special guests, local sponsors, lectors and organisers, at this year&#8217;s edition of Implants Connected to Nature. Come and meet the most important personalities in dental care from all around the world!<\/span>[\/vc_column_text][\/vc_column_inner][vc_column_inner width=&#8221;1\/3&#8243;][vc_single_image image=&#8221;1646&#8243; img_size=&#8221;100&#215;100&#8243;][vc_column_text]<\/p>\n<h2><strong><span style=\"color: #ffffff\">Knowledge<\/span><\/strong><\/h2>\n<p><span style=\"color: #ffffff\">In this key moment of technological evolution, we&#8217;re getting familiarised with the new methodologies for performing surgeries that simplify our work, learning even from those who laid the foundations of the new revolutionary concepts.<\/span>[\/vc_column_text][\/vc_column_inner][vc_column_inner width=&#8221;1\/3&#8243;][vc_single_image image=&#8221;1647&#8243; img_size=&#8221;100&#215;100&#8243;][vc_column_text]<\/p>\n<h2><span style=\"color: #ffffff\"><strong> Business<\/strong> <\/span><\/h2>\n<p><span style=\"color: #ffffff\">Implants Connected to Nature brings together the leading companies in the field of dentistry, prestigious suppliers of equipment and materials, with exhibition spaces and staff ready to answer any questions or requests for collaboration.<\/span>[\/vc_column_text][\/vc_column_inner][\/vc_row_inner][vc_row_inner gap=&#8221;35&#8243; css=&#8221;.vc_custom_1578584039621{margin-right: 20px !important;margin-left: 20px !important;}&#8221;][vc_column_inner width=&#8221;1\/2&#8243;][vc_single_image image=&#8221;3408&#8243; img_size=&#8221;full&#8221; css=&#8221;&#8221;][\/vc_column_inner][vc_column_inner width=&#8221;1\/2&#8243;][vc_single_image image=&#8221;3407&#8243; img_size=&#8221;full&#8221; css=&#8221;&#8221;][\/vc_column_inner][\/vc_row_inner][vc_row_inner gap=&#8221;35&#8243; css=&#8221;.vc_custom_1578584039621{margin-right: 20px !important;margin-left: 20px !important;}&#8221;][vc_column_inner width=&#8221;1\/2&#8243;][vc_single_image image=&#8221;3406&#8243; img_size=&#8221;full&#8221; css=&#8221;&#8221;][\/vc_column_inner][vc_column_inner width=&#8221;1\/2&#8243;][vc_single_image image=&#8221;3405&#8243; img_size=&#8221;full&#8221; css=&#8221;&#8221;][\/vc_column_inner][\/vc_row_inner][\/vc_column][\/vc_row][vc_row][vc_column][vc_column_text css=&#8221;&#8221;]<\/p>\n<p style=\"text-align: center\">-10% DISCOUNT at HOTEL TIMI\u0218OARA with code <strong>ICTN2024.<\/strong><\/p>\n<p>[\/vc_column_text][\/vc_column][\/vc_row]<\/p>\n<\/div>","protected":false},"excerpt":{"rendered":"<p>[vc_row full_width=&#8221;stretch_row_content_no_spaces&#8221; css=&#8221;.vc_custom_1706253010951{background-image: url(https:\/\/ictn.ro\/wp-content\/uploads\/2024\/01\/317304666_484318127132327_4506615120265219209_n.jpg?id=3024) !important;}&#8221;][vc_column offset=&#8221;vc_hidden-xs&#8221; css=&#8221;.vc_custom_1663835386367{margin-bottom: -20px !important;padding-bottom: -20px !important;}&#8221;][vc_empty_space height=&#8221;200px&#8221;][vc_row_inner css=&#8221;.vc_custom_1706253182213{padding-left: 42px !important;}&#8221;][vc_column_inner width=&#8221;1\/2&#8243; css=&#8221;.vc_custom_1707561358541{padding-left: 40px !important;background-color: rgba(255,255,255,0.7)<\/p>\n","protected":false},"author":1,"featured_media":0,"parent":0,"menu_order":0,"comment_status":"closed","ping_status":"closed","template":"","meta":{"_acf_changed":false,"_monsterinsights_skip_tracking":false,"_monsterinsights_sitenote_active":false,"_monsterinsights_sitenote_note":"","_monsterinsights_sitenote_category":0,"footnotes":""},"class_list":["post-1092","page","type-page","status-publish","hentry"],"acf":[],"yoast_head":"<!-- This site is optimized with the Yoast SEO plugin v27.0 - https:\/\/yoast.com\/product\/yoast-seo-wordpress\/ -->\n<title>Congresul Implants Connected to Nature - Edi\u021bia 2024<\/title>\n<meta name=\"description\" content=\"Cel mai important congres de implantologie oral\u0103 din Rom\u00e2nia - Implants Connected to Nature 2024, realizat cu sprijnul ICOI.\" \/>\n<meta name=\"robots\" content=\"index, follow, max-snippet:-1, max-image-preview:large, max-video-preview:-1\" \/>\n<link rel=\"canonical\" href=\"https:\/\/ictn.ro\/ro\/\" \/>\n<meta property=\"og:locale\" content=\"ro_RO\" \/>\n<meta property=\"og:locale:alternate\" content=\"en_US\" \/>\n<meta property=\"og:type\" content=\"article\" \/>\n<meta property=\"og:title\" content=\"Editia 2024\" \/>\n<meta property=\"og:description\" content=\"Editia 2024\" \/>\n<meta property=\"og:url\" content=\"https:\/\/ictn.ro\/ro\/\" \/>\n<meta property=\"og:site_name\" content=\"Congres ICTN\" \/>\n<meta property=\"article:modified_time\" content=\"2024-11-23T11:50:16+00:00\" \/>\n<meta property=\"og:image\" content=\"https:\/\/ictn.ro\/wp-content\/uploads\/2024\/03\/ictn.jpg\" \/>\n\t<meta property=\"og:image:width\" content=\"1000\" \/>\n\t<meta property=\"og:image:height\" content=\"282\" \/>\n\t<meta property=\"og:image:type\" content=\"image\/jpeg\" \/>\n<meta name=\"twitter:card\" content=\"summary_large_image\" \/>\n<meta name=\"twitter:label1\" content=\"Timp estimat pentru citire\" \/>\n\t<meta name=\"twitter:data1\" content=\"2 minute\" \/>\n<script type=\"application\/ld+json\" class=\"yoast-schema-graph\">{\"@context\":\"https:\/\/schema.org\",\"@graph\":[{\"@type\":\"WebPage\",\"@id\":\"https:\/\/ictn.ro\/\",\"url\":\"https:\/\/ictn.ro\/\",\"name\":\"Congresul Implants Connected to Nature - Edi\u021bia 2024\",\"isPartOf\":{\"@id\":\"https:\/\/ictn.ro\/#website\"},\"datePublished\":\"2019-11-28T18:07:42+00:00\",\"dateModified\":\"2024-11-23T11:50:16+00:00\",\"description\":\"Cel mai important congres de implantologie oral\u0103 din Rom\u00e2nia - Implants Connected to Nature 2024, realizat cu sprijnul ICOI.\",\"breadcrumb\":{\"@id\":\"https:\/\/ictn.ro\/#breadcrumb\"},\"inLanguage\":\"ro-RO\",\"potentialAction\":[{\"@type\":\"ReadAction\",\"target\":[\"https:\/\/ictn.ro\/\"]}]},{\"@type\":\"BreadcrumbList\",\"@id\":\"https:\/\/ictn.ro\/#breadcrumb\",\"itemListElement\":[{\"@type\":\"ListItem\",\"position\":1,\"name\":\"Prima pagin\u0103\",\"item\":\"https:\/\/ictn.ro\/\"},{\"@type\":\"ListItem\",\"position\":2,\"name\":\"ictn2024\"}]},{\"@type\":\"WebSite\",\"@id\":\"https:\/\/ictn.ro\/#website\",\"url\":\"https:\/\/ictn.ro\/\",\"name\":\"Congres ICTN\",\"description\":\"Congres Implant Connected to Nature\",\"potentialAction\":[{\"@type\":\"SearchAction\",\"target\":{\"@type\":\"EntryPoint\",\"urlTemplate\":\"https:\/\/ictn.ro\/?s={search_term_string}\"},\"query-input\":{\"@type\":\"PropertyValueSpecification\",\"valueRequired\":true,\"valueName\":\"search_term_string\"}}],\"inLanguage\":\"ro-RO\"}]}<\/script>\n<!-- \/ Yoast SEO plugin. -->","yoast_head_json":{"title":"Congresul Implants Connected to Nature - Edi\u021bia 2024","description":"Cel mai important congres de implantologie oral\u0103 din Rom\u00e2nia - Implants Connected to Nature 2024, realizat cu sprijnul ICOI.","robots":{"index":"index","follow":"follow","max-snippet":"max-snippet:-1","max-image-preview":"max-image-preview:large","max-video-preview":"max-video-preview:-1"},"canonical":"https:\/\/ictn.ro\/ro\/","og_locale":"ro_RO","og_type":"article","og_title":"[:en]Editia 2024[:ro]Editia 2024[:]","og_description":"[:en]Editia 2024[:]","og_url":"https:\/\/ictn.ro\/ro\/","og_site_name":"Congres ICTN","article_modified_time":"2024-11-23T11:50:16+00:00","og_image":[{"width":1000,"height":282,"url":"https:\/\/ictn.ro\/wp-content\/uploads\/2024\/03\/ictn.jpg","type":"image\/jpeg"}],"twitter_card":"summary_large_image","twitter_misc":{"Timp estimat pentru citire":"2 minute"},"schema":{"@context":"https:\/\/schema.org","@graph":[{"@type":"WebPage","@id":"https:\/\/ictn.ro\/","url":"https:\/\/ictn.ro\/","name":"Congresul Implants Connected to Nature - Edi\u021bia 2024","isPartOf":{"@id":"https:\/\/ictn.ro\/#website"},"datePublished":"2019-11-28T18:07:42+00:00","dateModified":"2024-11-23T11:50:16+00:00","description":"Cel mai important congres de implantologie oral\u0103 din Rom\u00e2nia - Implants Connected to Nature 2024, realizat cu sprijnul ICOI.","breadcrumb":{"@id":"https:\/\/ictn.ro\/#breadcrumb"},"inLanguage":"ro-RO","potentialAction":[{"@type":"ReadAction","target":["https:\/\/ictn.ro\/"]}]},{"@type":"BreadcrumbList","@id":"https:\/\/ictn.ro\/#breadcrumb","itemListElement":[{"@type":"ListItem","position":1,"name":"Prima pagin\u0103","item":"https:\/\/ictn.ro\/"},{"@type":"ListItem","position":2,"name":"ictn2024"}]},{"@type":"WebSite","@id":"https:\/\/ictn.ro\/#website","url":"https:\/\/ictn.ro\/","name":"Congres ICTN","description":"Congres Implant Connected to Nature","potentialAction":[{"@type":"SearchAction","target":{"@type":"EntryPoint","urlTemplate":"https:\/\/ictn.ro\/?s={search_term_string}"},"query-input":{"@type":"PropertyValueSpecification","valueRequired":true,"valueName":"search_term_string"}}],"inLanguage":"ro-RO"}]}},"_links":{"self":[{"href":"https:\/\/ictn.ro\/ro\/wp-json\/wp\/v2\/pages\/1092","targetHints":{"allow":["GET"]}}],"collection":[{"href":"https:\/\/ictn.ro\/ro\/wp-json\/wp\/v2\/pages"}],"about":[{"href":"https:\/\/ictn.ro\/ro\/wp-json\/wp\/v2\/types\/page"}],"author":[{"embeddable":true,"href":"https:\/\/ictn.ro\/ro\/wp-json\/wp\/v2\/users\/1"}],"replies":[{"embeddable":true,"href":"https:\/\/ictn.ro\/ro\/wp-json\/wp\/v2\/comments?post=1092"}],"version-history":[{"count":304,"href":"https:\/\/ictn.ro\/ro\/wp-json\/wp\/v2\/pages\/1092\/revisions"}],"predecessor-version":[{"id":3623,"href":"https:\/\/ictn.ro\/ro\/wp-json\/wp\/v2\/pages\/1092\/revisions\/3623"}],"wp:attachment":[{"href":"https:\/\/ictn.ro\/ro\/wp-json\/wp\/v2\/media?parent=1092"}],"curies":[{"name":"wp","href":"https:\/\/api.w.org\/{rel}","templated":true}]}}